{"id":30610,"date":"2021-11-29T08:50:03","date_gmt":"2021-11-29T08:50:03","guid":{"rendered":"https:\/\/www.irpps.cnr.it\/frank-heins\/"},"modified":"2026-03-02T11:31:29","modified_gmt":"2026-03-02T11:31:29","slug":"frank-heins","status":"publish","type":"page","link":"https:\/\/www.irpps.cnr.it\/en\/frank-heins\/","title":{"rendered":"Frank Heins"},"content":{"rendered":"\t\t<div data-elementor-type=\"wp-page\" data-elementor-id=\"30610\" class=\"elementor elementor-30610 elementor-2910\" data-elementor-post-type=\"page\">\n\t\t\t\t\t\t<section class=\"elementor-section elementor-top-section elementor-element elementor-element-2c3519b5 elementor-section-content-middle elementor-section-full_width elementor-section-height-default elementor-section-height-default\" data-id=\"2c3519b5\" data-element_type=\"section\" data-e-type=\"section\" data-settings=\"{&quot;background_background&quot;:&quot;classic&quot;}\">\n\t\t\t\t\t\t\t<div class=\"elementor-background-overlay\"><\/div>\n\t\t\t\t\t\t\t<div class=\"elementor-container elementor-column-gap-no\">\n\t\t\t\t\t<div class=\"elementor-column elementor-col-100 elementor-top-column elementor-element elementor-element-17c0d669\" data-id=\"17c0d669\" data-element_type=\"column\" data-e-type=\"column\" data-settings=\"{&quot;background_background&quot;:&quot;classic&quot;}\">\n\t\t\t<div class=\"elementor-widget-wrap elementor-element-populated\">\n\t\t\t\t\t\t<section class=\"elementor-section elementor-inner-section elementor-element elementor-element-275cfc0e elementor-section-content-middle elementor-section-full_width elementor-section-height-default elementor-section-height-default\" data-id=\"275cfc0e\" data-element_type=\"section\" data-e-type=\"section\">\n\t\t\t\t\t\t<div class=\"elementor-container elementor-column-gap-no\">\n\t\t\t\t\t<div class=\"elementor-column elementor-col-25 elementor-inner-column elementor-element elementor-element-4886d974\" data-id=\"4886d974\" data-element_type=\"column\" data-e-type=\"column\">\n\t\t\t<div class=\"elementor-widget-wrap\">\n\t\t\t\t\t\t\t<\/div>\n\t\t<\/div>\n\t\t\t\t<div class=\"elementor-column elementor-col-25 elementor-inner-column elementor-element elementor-element-5b43cd9b\" data-id=\"5b43cd9b\" data-element_type=\"column\" data-e-type=\"column\">\n\t\t\t<div class=\"elementor-widget-wrap elementor-element-populated\">\n\t\t\t\t\t\t<div class=\"elementor-element elementor-element-18bb0983 elementor-widget elementor-widget-image\" data-id=\"18bb0983\" data-element_type=\"widget\" data-e-type=\"widget\" data-widget_type=\"image.default\">\n\t\t\t\t<div class=\"elementor-widget-container\">\n\t\t\t\t\t\t\t\t\t\t\t\t\t\t\t<img fetchpriority=\"high\" decoding=\"async\" width=\"300\" height=\"300\" src=\"https:\/\/www.irpps.cnr.it\/wp-content\/uploads\/2021\/12\/Personale-3-300x300.png\" class=\"attachment-medium size-medium wp-image-30612\" alt=\"\" srcset=\"https:\/\/www.irpps.cnr.it\/wp-content\/uploads\/2021\/12\/Personale-3-300x300.png 300w, https:\/\/www.irpps.cnr.it\/wp-content\/uploads\/2021\/12\/Personale-3-540x540.png 540w, https:\/\/www.irpps.cnr.it\/wp-content\/uploads\/2021\/12\/Personale-3-240x240.png 240w, https:\/\/www.irpps.cnr.it\/wp-content\/uploads\/2021\/12\/Personale-3-1024x1024.png 1024w, https:\/\/www.irpps.cnr.it\/wp-content\/uploads\/2021\/12\/Personale-3-150x150.png 150w, https:\/\/www.irpps.cnr.it\/wp-content\/uploads\/2021\/12\/Personale-3-768x768.png 768w, https:\/\/www.irpps.cnr.it\/wp-content\/uploads\/2021\/12\/Personale-3.png 1080w\" sizes=\"(max-width: 300px) 100vw, 300px\" \/>\t\t\t\t\t\t\t\t\t\t\t\t\t\t\t<\/div>\n\t\t\t\t<\/div>\n\t\t\t\t\t<\/div>\n\t\t<\/div>\n\t\t\t\t<div class=\"elementor-column elementor-col-25 elementor-inner-column elementor-element elementor-element-72fc5f83\" data-id=\"72fc5f83\" data-element_type=\"column\" data-e-type=\"column\">\n\t\t\t<div class=\"elementor-widget-wrap elementor-element-populated\">\n\t\t\t\t\t\t<div class=\"elementor-element elementor-element-5314d3fa elementor-widget elementor-widget-heading\" data-id=\"5314d3fa\" data-element_type=\"widget\" data-e-type=\"widget\" data-widget_type=\"heading.default\">\n\t\t\t\t<div class=\"elementor-widget-container\">\n\t\t\t\t\t<h3 class=\"elementor-heading-title elementor-size-default\">Frank Heins<\/h3>\t\t\t\t<\/div>\n\t\t\t\t<\/div>\n\t\t\t\t<div class=\"elementor-element elementor-element-1fdf3f2b elementor-widget elementor-widget-text-editor\" data-id=\"1fdf3f2b\" data-element_type=\"widget\" data-e-type=\"widget\" data-widget_type=\"text-editor.default\">\n\t\t\t\t<div class=\"elementor-widget-container\">\n\t\t\t\t\t\t\t\t\t<p>He was a Senior Researcher at the Institute for Research on Population and Social Policies of the National Research Council from 2001 to 2022. His research focuses on the territorial aspects of the structures and dynamics of demographic and socio-economic processes, particularly migration. <\/p>\t\t\t\t\t\t\t\t<\/div>\n\t\t\t\t<\/div>\n\t\t\t\t<div class=\"elementor-element elementor-element-446799ba elementor-position-left elementor-widget-icon-box wgl-icon-box elementor-view-default divider_yes aleft elementor-widget elementor-widget-wgl-info-box\" data-id=\"446799ba\" data-element_type=\"widget\" data-e-type=\"widget\" data-widget_type=\"wgl-info-box.default\">\n\t\t\t\t<div class=\"elementor-widget-container\">\n\t\t\t\t\t<div class=\"wgl-infobox\"><div class=\"wgl-infobox_wrapper elementor-icon-box-wrapper\"><div class=\"wgl-infobox-icon_wrapper elementor-icon-box-icon\"><div class=\"wgl-infobox-icon_container\"><span class=\"wgl-icon elementor-icon elementor-animation-\" ><i class=\"icon fa fa-map-marker\"><\/i><\/span><\/div><\/div><div class=\"wgl-infobox-content_wrapper elementor-icon-box-content\"><div class=\"wgl-infobox-title_wrapper\"><\/div><div class=\"wgl-infobox_content\"><p>Rome<\/p><\/div><\/div><\/div><\/div>\t\t\t\t<\/div>\n\t\t\t\t<\/div>\n\t\t\t\t<div class=\"elementor-element elementor-element-5563ba1e elementor-position-left elementor-widget-icon-box wgl-icon-box elementor-view-default divider_yes aleft elementor-widget elementor-widget-wgl-info-box\" data-id=\"5563ba1e\" data-element_type=\"widget\" data-e-type=\"widget\" data-widget_type=\"wgl-info-box.default\">\n\t\t\t\t<div class=\"elementor-widget-container\">\n\t\t\t\t\t<div class=\"wgl-infobox\"><div class=\"wgl-infobox_wrapper elementor-icon-box-wrapper\"><div class=\"wgl-infobox-icon_wrapper elementor-icon-box-icon\"><div class=\"wgl-infobox-icon_container\"><span class=\"wgl-icon elementor-icon elementor-animation-\" ><i class=\"icon fa fa-envelope-open\"><\/i><\/span><\/div><\/div><div class=\"wgl-infobox-content_wrapper elementor-icon-box-content\"><div class=\"wgl-infobox-title_wrapper\"><\/div><div class=\"wgl-infobox_content\"><p>frank.heins@irpps.cnr.it<\/p><\/div><\/div><\/div><\/div>\t\t\t\t<\/div>\n\t\t\t\t<\/div>\n\t\t\t\t<div class=\"elementor-element elementor-element-7b5613b3 elementor-position-left elementor-widget-icon-box wgl-icon-box elementor-view-default divider_yes aleft elementor-widget elementor-widget-wgl-info-box\" data-id=\"7b5613b3\" data-element_type=\"widget\" data-e-type=\"widget\" data-widget_type=\"wgl-info-box.default\">\n\t\t\t\t<div class=\"elementor-widget-container\">\n\t\t\t\t\t<div class=\"wgl-infobox\"><div class=\"wgl-infobox_wrapper elementor-icon-box-wrapper\"><div class=\"wgl-infobox-icon_wrapper elementor-icon-box-icon\"><div class=\"wgl-infobox-icon_container\"><span class=\"wgl-icon elementor-icon elementor-animation-\" ><i class=\"icon fa fa-phone\"><\/i><\/span><\/div><\/div><div class=\"wgl-infobox-content_wrapper elementor-icon-box-content\"><div class=\"wgl-infobox-title_wrapper\"><\/div><\/div><\/div><\/div>\t\t\t\t<\/div>\n\t\t\t\t<\/div>\n\t\t\t\t<div class=\"elementor-element elementor-element-3bae1542 elementor-position-left elementor-widget-icon-box wgl-icon-box elementor-view-default divider_yes aleft elementor-widget elementor-widget-wgl-info-box\" data-id=\"3bae1542\" data-element_type=\"widget\" data-e-type=\"widget\" data-widget_type=\"wgl-info-box.default\">\n\t\t\t\t<div class=\"elementor-widget-container\">\n\t\t\t\t\t<div class=\"wgl-infobox\"><div class=\"wgl-infobox_wrapper elementor-icon-box-wrapper\"><div class=\"wgl-infobox-icon_wrapper elementor-icon-box-icon\"><div class=\"wgl-infobox-icon_container\"><span class=\"wgl-icon elementor-icon elementor-animation-\" ><i class=\"icon fa fa-link\"><\/i><\/span><\/div><\/div><div class=\"wgl-infobox-content_wrapper elementor-icon-box-content\"><div class=\"wgl-infobox-title_wrapper\"><\/div><div class=\"wgl-infobox_content\"><p>ORCID iD<\/p><\/div><\/div><a class=\"wgl-infobox_item_link\" href=\"https:\/\/orcid.org\/0000-0002-3185-7002\"><\/a><\/div><\/div>\t\t\t\t<\/div>\n\t\t\t\t<\/div>\n\t\t\t\t<div class=\"elementor-element elementor-element-50d8a4eb elementor-position-left elementor-widget-icon-box wgl-icon-box elementor-view-default divider_yes aleft elementor-widget elementor-widget-wgl-info-box\" data-id=\"50d8a4eb\" data-element_type=\"widget\" data-e-type=\"widget\" data-widget_type=\"wgl-info-box.default\">\n\t\t\t\t<div class=\"elementor-widget-container\">\n\t\t\t\t\t<div class=\"wgl-infobox\"><div class=\"wgl-infobox_wrapper elementor-icon-box-wrapper\"><div class=\"wgl-infobox-icon_wrapper elementor-icon-box-icon\"><div class=\"wgl-infobox-icon_container\"><span class=\"wgl-icon elementor-icon elementor-animation-\" ><i class=\"icon fa fa-arrow-circle-right\"><\/i><\/span><\/div><\/div><div class=\"wgl-infobox-content_wrapper elementor-icon-box-content\"><div class=\"wgl-infobox-title_wrapper\"><\/div><div class=\"wgl-infobox_content\"><p>Curriculum Vitae<\/p><\/div><\/div><a class=\"wgl-infobox_item_link\" href=\"http:\/\/www.irpps.cnr.it\/wp-content\/uploads\/2021\/12\/CVFrankHeins.pdf\" target=\"_blank\"><\/a><\/div><\/div>\t\t\t\t<\/div>\n\t\t\t\t<\/div>\n\t\t\t\t\t<\/div>\n\t\t<\/div>\n\t\t\t\t<div class=\"elementor-column elementor-col-25 elementor-inner-column elementor-element elementor-element-103fb5cb\" data-id=\"103fb5cb\" data-element_type=\"column\" data-e-type=\"column\">\n\t\t\t<div class=\"elementor-widget-wrap\">\n\t\t\t\t\t\t\t<\/div>\n\t\t<\/div>\n\t\t\t\t\t<\/div>\n\t\t<\/section>\n\t\t\t\t\t<\/div>\n\t\t<\/div>\n\t\t\t\t\t<\/div>\n\t\t<\/section>\n\t\t\t\t<section class=\"elementor-section elementor-top-section elementor-element elementor-element-7005fe22 elementor-section-content-top elementor-section-full_width elementor-section-height-default elementor-section-height-default\" data-id=\"7005fe22\" data-element_type=\"section\" data-e-type=\"section\" data-settings=\"{&quot;background_background&quot;:&quot;classic&quot;}\">\n\t\t\t\t\t\t\t<div class=\"elementor-background-overlay\"><\/div>\n\t\t\t\t\t\t\t<div class=\"elementor-container elementor-column-gap-no\">\n\t\t\t\t\t<div class=\"elementor-column elementor-col-100 elementor-top-column elementor-element elementor-element-70c9a92c\" data-id=\"70c9a92c\" data-element_type=\"column\" data-e-type=\"column\">\n\t\t\t<div class=\"elementor-widget-wrap elementor-element-populated\">\n\t\t\t\t\t\t<div class=\"elementor-element elementor-element-44e3a925 elementor-widget elementor-widget-heading\" data-id=\"44e3a925\" data-element_type=\"widget\" data-e-type=\"widget\" data-widget_type=\"heading.default\">\n\t\t\t\t<div class=\"elementor-widget-container\">\n\t\t\t\t\t<h2 class=\"elementor-heading-title elementor-size-default\">Information<\/h2>\t\t\t\t<\/div>\n\t\t\t\t<\/div>\n\t\t\t\t<div class=\"elementor-element elementor-element-56594161 elementor-widget-divider--view-line elementor-widget elementor-widget-divider\" data-id=\"56594161\" data-element_type=\"widget\" data-e-type=\"widget\" data-widget_type=\"divider.default\">\n\t\t\t\t<div class=\"elementor-widget-container\">\n\t\t\t\t\t\t\t<div class=\"elementor-divider\">\n\t\t\t<span class=\"elementor-divider-separator\">\n\t\t\t\t\t\t<\/span>\n\t\t<\/div>\n\t\t\t\t\t\t<\/div>\n\t\t\t\t<\/div>\n\t\t\t\t<div class=\"elementor-element elementor-element-59c26ad6 elementor-widget elementor-widget-text-editor\" data-id=\"59c26ad6\" data-element_type=\"widget\" data-e-type=\"widget\" data-widget_type=\"text-editor.default\">\n\t\t\t\t<div class=\"elementor-widget-container\">\n\t\t\t\t\t\t\t\t\t<p>From 2001 to 2022, Frank Heins was a Senior Researcher and Research Director at the Institute for Research on Population and Social Policies of the National Research Council. He is a geographer and demographer. His research focuses on the territorial aspects of the structures and dynamics of demographic and socio-economic processes, particularly migration, both internal and international. His current projects involve the study of different family types and their dynamics, the analysis of various aspects of internal migration in Italy, and the observation of residential segregation.    <br>His main areas of interest are:<\/p><ul><li>territorial aspects of demographic and socio-economic structures and dynamics<br>territorial differences in demographic behavior<\/li><li>internal migration \u2013 a comparison between Italy and other industrialized countries<br>local demography and residential segregation processes<\/li><li>Italian-German migration since the 1950s<\/li><li>Italian emigration today<\/li><\/ul>\t\t\t\t\t\t\t\t<\/div>\n\t\t\t\t<\/div>\n\t\t\t\t<div class=\"elementor-element elementor-element-2e2880a elementor-widget elementor-widget-text-editor\" data-id=\"2e2880a\" data-element_type=\"widget\" data-e-type=\"widget\" data-widget_type=\"text-editor.default\">\n\t\t\t\t<div class=\"elementor-widget-container\">\n\t\t\t\t\t\t\t\t\t<strong>Publications:<\/strong><span class=\"notranslate\">\n<ul>\n \t<li>Bonifazi C., De Rocchi D., Heins F., 2021, Rome as a mobility hub. In M. Colucci, S. Gallo (eds.) Le strade per Roma. Rapporto 2021 sulle migrazioni interne in Italia. Bologna, Il Mulino.    23-57<\/li>\n \t<li>Benassi F., Carella M., Heins F., 2021, Migration in the Mediterranean region: A response to crises and an emergency in its own right. Investigaciones Geogr\u00e1ficas, 77, 15-36. [Doi: 10.14198\/INGEO.19461]  <\/li>\n \t<li>Bonifazi C., Heins F., Tucci E., 2021, <a href=\"http:\/\/Doi.org\/10.4000\/qds.4625\">Dimensions and characteristics of the new Italian emigration<\/a>. Quaderni di Sociologia, 86, 9-31. <\/li>\n \t<li>Bonifazi C., De Rocchi D., Heins F., Panzeri G., 2021, Mortality in Local Labor Systems during the first wave of the COVID-19 pandemic. Rome: National Research Council \u2013 Institute for Research on Population and Social Policies. (IRPPS Working papers n. 127\/2021). [http:\/\/epub.irpps.cnr.it\/index.php\/wp\/article\/view\/271\/259]   <\/li>\n \t<li>Carella M., Heins F., 2021, L\u2019impact de la Grande R\u00e9cession sur les mod\u00e8les familiaux des jeunes adultes en Europe du Sud. In G. Bellis, M. Carella, J-F. L\u00e9ger, A. Parant (eds.) Populations et crises en M\u00e9diterran\u00e9e. Milan, Franco Angeli.    89-107.<\/li>\n \t<li>Bonifazi C., Heins F., Licari F., Tucci E., 2020, <a href=\"https:\/\/onlinelibrary.wiley.com\/doi\/epdf\/10.1002\/psp.2331\">The regional dynamics of internal migration intensities in Italy. Population, Space and Place (Special issue \u2018Declining internal migration? Patterns, causes and prospects\u2019<\/a> Ian Shuttleworth, Tony Champion), e2331. [Doi: 10.1002\/psp.2331] <\/li>\n \t<li>Benassi F., Bonifazi C., Heins F., Lipizzi F., Strozza S., 2020, <a href=\"https:\/\/link.springer.com\/content\/pdf\/10.1007\/s40980-020-00064-5.pdf\">Comparing Residential Segregation of Migrant Populations in Selected European Urban and Metropolitan Areas. Spatial Demography<\/a>, published online July 14, 2020. [Doi: 10.1007\/s40980-020-00064-5X] <\/li>\n \t<li>Benassi F., Bonifazi C., Heins F., Licari F., Tucci E., 2020, <a href=\"https:\/\/www.comparativepopulationstudies.de\/index.php\/CPoS\/article\/view\/389\/315\">Population Change and International and Internal Migration in Italy, 2002-2017<\/a>: Ravenstein Revisited. Comparative Population Studies. 44, (Sep. 2020), 497-531. [Doi: 10.12765\/CPoS-2020-16]   <\/li>\n \t<li>Bonifazi C., Caruso M.G., Heins F., Paparusso A., Panaccione D., 2018, <a href=\"https:\/\/www.istat.it\/it\/files\/\/2019\/05\/Vita-e-percorsi.pdf\">Mobility trajectories: arriving and moving in Italy<\/a>. In: Istat, Vita e percorsi di integrazione degli immigrati in Italia. Rome. Istat. 35-51.   <\/li>\n \t<li>Benassi F., Heins F., Lipizzi F., Paluzzi E., 2018, Measuring residential segregation of selected foreign groups with aspatial and spatial evenness indices. A case study. In Perna C., Pratesi M., Ruiz-Gazen A. (eds.), Studies in Theoretical and Applied Statistics. SIS 2016, Salerno, Italy, June 8\u201310. (Springer Proceedings in Mathematics &amp; Statistics 227). Cham. Springer International Publishing.       189-199<\/li>\n \t<li>Albani M., Guarneri A., Frank Heins F., 2017, The foreign resident population in Italian local labor systems. In: Bonifazi C. (ed.) Migrazioni e integrazioni nell\u2019Italia di oggi.  117-129<\/li>\n \t<li>Benassi F., Heins F., Lipizzi F., Paluzzi E., 2017, Residential segregation of selected foreign groups in the Rome Local Labor System 2001 \u2013 2011. In: Bonifazi C. (ed.) Migrazioni e integrazioni nell\u2019Italia di oggi.  131-144<\/li>\n \t<li>Bonifazi C., Heins F., 2017, Internal migration patterns in Italy: continuity and change before and during the great recession. In Rivista Italiana di Economia Demografia e Statistica, LXXI, 2, 5-24 <\/li>\n \t<li>Bonifazi C., Heins F., Tucci E., 2017, Italy: internal migration in a low-mobility country. In Champion T., Cooke T., Shuttleworth I. (eds.), Internal Migration in the Developed World. Are we becoming less mobile? Routledge, Oxon.    242-262<\/li>\n \t<li>Bonifazi C., Heins F., Licari F., Tucci E., 2016, Internal migration in Italy in 2013-2014: territorial aspects. In Colucci M., Gallo S. (eds.), Fare spazio. Rapporto 2016 sulle migrazioni interne in Italy. Rome, Donzelli Editore.    3-23<\/li>\n \t<li>Bonifazi C., Heins F., Tucci E., 2014, Internal migration in Italy in 2011-12. In Colucci M., Gallo S. (eds.), L\u2019arte di spostarsi. Rapporto 2014 sulle migrazioni interne in Italia. Rome, Donzelli Editore.    3-20<\/li>\n \t<li>Bonifazi C., Heins F., Tucci E., 2012, Internal migration of foreigners in the era of immigration. In Meridiana. Rivista di storia e di scienze sociali, 75 (Migrazioni interne), 173-190  <\/li>\n \t<li>Rees P., Gaag N. van der, Beer J. De, Heins F., 2012, European Regional Populations: Current Trends, Future Pathways, and Policy Options. In European Journal of Population\/Revue europ\u00e9enne de D\u00e9mographie, 4, 385-416 <\/li>\n \t<li>Bonifazi C., Heins F., 2009, Still migrants: the new mobility of Italians. In Storia d&#8217;Italia. Annali 24. Migrazioni. Grandi Opere. Turin, Giulio Einaudi.      505-528<\/li>\n \t<li>Heins F., 2006, Regionale Bev\u00f6lkerungsentwicklung in Italien. Zeitschrift f\u00fcr Bev\u00f6lkerungswissenschaft, 31, 3-4, 575-612 <\/li>\n \t<li>Haug S., Heins F., 2005, Italian migrants in Germany. A statistical overview and a research bibliographical note. Studi Emigrazione\/Migration Studies, 158, 227-243  <\/li>\n<\/ul><\/span>\t\t\t\t\t\t\t\t<\/div>\n\t\t\t\t<\/div>\n\t\t\t\t\t<\/div>\n\t\t<\/div>\n\t\t\t\t\t<\/div>\n\t\t<\/section>\n\t\t\t\t<section class=\"elementor-section elementor-top-section elementor-element elementor-element-247f7ef9 elementor-section-content-top elementor-section-full_width elementor-section-height-default elementor-section-height-default\" data-id=\"247f7ef9\" data-element_type=\"section\" data-e-type=\"section\" data-settings=\"{&quot;background_background&quot;:&quot;classic&quot;}\">\n\t\t\t\t\t\t\t<div class=\"elementor-background-overlay\"><\/div>\n\t\t\t\t\t\t\t<div class=\"elementor-container elementor-column-gap-no\">\n\t\t\t\t\t<div class=\"elementor-column elementor-col-100 elementor-top-column elementor-element elementor-element-227d1cb1\" data-id=\"227d1cb1\" data-element_type=\"column\" data-e-type=\"column\">\n\t\t\t<div class=\"elementor-widget-wrap elementor-element-populated\">\n\t\t\t\t\t\t<div class=\"elementor-element elementor-element-1aa15a89 elementor-mobile-align-center elementor-widget elementor-widget-button\" data-id=\"1aa15a89\" data-element_type=\"widget\" data-e-type=\"widget\" data-widget_type=\"button.default\">\n\t\t\t\t<div class=\"elementor-widget-container\">\n\t\t\t\t\t\t\t\t\t<div class=\"elementor-button-wrapper\">\n\t\t\t\t\t<a class=\"elementor-button elementor-button-link elementor-size-sm\" href=\"https:\/\/www.irpps.cnr.it\/wp-content\/uploads\/2022\/09\/Publications_Frank_Heins-1.pdf\" target=\"_blank\">\n\t\t\t\t\t\t<span class=\"elementor-button-content-wrapper\">\n\t\t\t\t\t\t\t\t\t<span class=\"elementor-button-text\">Full list of publications<\/span>\n\t\t\t\t\t<\/span>\n\t\t\t\t\t<\/a>\n\t\t\t\t<\/div>\n\t\t\t\t\t\t\t\t<\/div>\n\t\t\t\t<\/div>\n\t\t\t\t<div class=\"elementor-element elementor-element-7cea04ea elementor-widget elementor-widget-heading\" data-id=\"7cea04ea\" data-element_type=\"widget\" data-e-type=\"widget\" data-widget_type=\"heading.default\">\n\t\t\t\t<div class=\"elementor-widget-container\">\n\t\t\t\t\t<h2 class=\"elementor-heading-title elementor-size-default\">Research projects I am involved in<\/h2>\t\t\t\t<\/div>\n\t\t\t\t<\/div>\n\t\t\t\t<div class=\"elementor-element elementor-element-420904b1 elementor-widget-divider--view-line elementor-widget elementor-widget-divider\" data-id=\"420904b1\" data-element_type=\"widget\" data-e-type=\"widget\" data-widget_type=\"divider.default\">\n\t\t\t\t<div class=\"elementor-widget-container\">\n\t\t\t\t\t\t\t<div class=\"elementor-divider\">\n\t\t\t<span class=\"elementor-divider-separator\">\n\t\t\t\t\t\t<\/span>\n\t\t<\/div>\n\t\t\t\t\t\t<\/div>\n\t\t\t\t<\/div>\n\t\t\t\t<div class=\"elementor-element elementor-element-16660309 elementor-widget elementor-widget-text-editor\" data-id=\"16660309\" data-element_type=\"widget\" data-e-type=\"widget\" data-widget_type=\"text-editor.default\">\n\t\t\t\t<div class=\"elementor-widget-container\">\n\t\t\t\t\t\t\t\t\t<ul><li><a href=\"https:\/\/www.irpps.cnr.it\/popolazioni-e-migrazioni\/\">Populations and migration<\/a> <\/li><li><a href=\"https:\/\/www.irpps.cnr.it\/fume-future-migration-scenarios-for-europe\/\">FUME &#8211; Future Migration Scenarios for Europe<\/a> (EU framework program for research and innovation \u201cHorizon 2020&#8243;)  <\/li><li><a href=\"https:\/\/www.irpps.cnr.it\/immigration-integration-settlement-italian-style-prin-2017\/\">Immigration, Integration, Settlement. Italian-Style \u2013 PRIN 2017 <\/a> <\/li><li>METROmosaic. Patterns, drivers, and outcomes of residential (im)mobility in the urban regions of Milan and Rome: sociodemographic transformations and challenges for local cohesion. <\/li><\/ul>\t\t\t\t\t\t\t\t<\/div>\n\t\t\t\t<\/div>\n\t\t\t\t<div class=\"elementor-element elementor-element-57173d2 elementor-widget elementor-widget-heading\" data-id=\"57173d2\" data-element_type=\"widget\" data-e-type=\"widget\" data-widget_type=\"heading.default\">\n\t\t\t\t<div class=\"elementor-widget-container\">\n\t\t\t\t\t<h2 class=\"elementor-heading-title elementor-size-default\">Completed research projects I have participated in<\/h2>\t\t\t\t<\/div>\n\t\t\t\t<\/div>\n\t\t\t\t<div class=\"elementor-element elementor-element-544ab19 elementor-widget-divider--view-line elementor-widget elementor-widget-divider\" data-id=\"544ab19\" data-element_type=\"widget\" data-e-type=\"widget\" data-widget_type=\"divider.default\">\n\t\t\t\t<div class=\"elementor-widget-container\">\n\t\t\t\t\t\t\t<div class=\"elementor-divider\">\n\t\t\t<span class=\"elementor-divider-separator\">\n\t\t\t\t\t\t<\/span>\n\t\t<\/div>\n\t\t\t\t\t\t<\/div>\n\t\t\t\t<\/div>\n\t\t\t\t<div class=\"elementor-element elementor-element-2c007d4 elementor-widget elementor-widget-text-editor\" data-id=\"2c007d4\" data-element_type=\"widget\" data-e-type=\"widget\" data-widget_type=\"text-editor.default\">\n\t\t\t\t<div class=\"elementor-widget-container\">\n\t\t\t\t\t\t\t\t\t<ul><li>Family and demographic policies: European context and Italian reality \u2013 DiPoFam\/CNR-IRPPS<\/li><li>DEMIFER &#8211; Demographic and migratory flows affecting european regions and cities. (ESPON)   <\/li><li>New migrations from Molise<\/li><li>IDEA &#8211; Mediterranean and Eastern European as New Immigration Destinations in the European Union. (FP6 \u2013 VI European Commission Framework Programme) <\/li><li>Ethiopia<\/li><\/ul><p>ORCID iD https:\/\/orcid.org\/0000-0002-3185-7002<\/p>\t\t\t\t\t\t\t\t<\/div>\n\t\t\t\t<\/div>\n\t\t\t\t\t<\/div>\n\t\t<\/div>\n\t\t\t\t\t<\/div>\n\t\t<\/section>\n\t\t\t\t<\/div>\n\t\t","protected":false},"excerpt":{"rendered":"<p>Frank Heins He was a Senior Researcher at the Institute for Research on Population and Social Policies of the National Research Council from 2001 to 2022. His research focuses on the territorial aspects of the structures and dynamics of demographic and socio-economic processes, particularly migration. Rome frank.heins@irpps.cnr.it ORCID iD Curriculum Vitae Information From 2001 to [&hellip;]<\/p>\n","protected":false},"author":3,"featured_media":0,"parent":0,"menu_order":0,"comment_status":"closed","ping_status":"closed","template":"","meta":{"footnotes":""},"categories":[],"tags":[],"class_list":["post-30610","page","type-page","status-publish","hentry"],"_links":{"self":[{"href":"https:\/\/www.irpps.cnr.it\/en\/wp-json\/wp\/v2\/pages\/30610","targetHints":{"allow":["GET"]}}],"collection":[{"href":"https:\/\/www.irpps.cnr.it\/en\/wp-json\/wp\/v2\/pages"}],"about":[{"href":"https:\/\/www.irpps.cnr.it\/en\/wp-json\/wp\/v2\/types\/page"}],"author":[{"embeddable":true,"href":"https:\/\/www.irpps.cnr.it\/en\/wp-json\/wp\/v2\/users\/3"}],"replies":[{"embeddable":true,"href":"https:\/\/www.irpps.cnr.it\/en\/wp-json\/wp\/v2\/comments?post=30610"}],"version-history":[{"count":1,"href":"https:\/\/www.irpps.cnr.it\/en\/wp-json\/wp\/v2\/pages\/30610\/revisions"}],"predecessor-version":[{"id":30613,"href":"https:\/\/www.irpps.cnr.it\/en\/wp-json\/wp\/v2\/pages\/30610\/revisions\/30613"}],"wp:attachment":[{"href":"https:\/\/www.irpps.cnr.it\/en\/wp-json\/wp\/v2\/media?parent=30610"}],"wp:term":[{"taxonomy":"category","embeddable":true,"href":"https:\/\/www.irpps.cnr.it\/en\/wp-json\/wp\/v2\/categories?post=30610"},{"taxonomy":"post_tag","embeddable":true,"href":"https:\/\/www.irpps.cnr.it\/en\/wp-json\/wp\/v2\/tags?post=30610"}],"curies":[{"name":"wp","href":"https:\/\/api.w.org\/{rel}","templated":true}]}}