{"id":30650,"date":"2021-12-03T15:33:14","date_gmt":"2021-12-03T15:33:14","guid":{"rendered":"https:\/\/www.irpps.cnr.it\/valentina-tudisca\/"},"modified":"2026-03-02T11:34:32","modified_gmt":"2026-03-02T11:34:32","slug":"valentina-tudisca","status":"publish","type":"page","link":"https:\/\/www.irpps.cnr.it\/en\/valentina-tudisca\/","title":{"rendered":"Valentina Tudisca"},"content":{"rendered":"\t\t<div data-elementor-type=\"wp-page\" data-elementor-id=\"30650\" class=\"elementor elementor-30650 elementor-3798\" data-elementor-post-type=\"page\">\n\t\t\t\t\t\t<section class=\"elementor-section elementor-top-section elementor-element elementor-element-3df7838e elementor-section-content-middle elementor-section-full_width elementor-section-height-default elementor-section-height-default\" data-id=\"3df7838e\" data-element_type=\"section\" data-e-type=\"section\" data-settings=\"{&quot;background_background&quot;:&quot;classic&quot;}\">\n\t\t\t\t\t\t\t<div class=\"elementor-background-overlay\"><\/div>\n\t\t\t\t\t\t\t<div class=\"elementor-container elementor-column-gap-no\">\n\t\t\t\t\t<div class=\"elementor-column elementor-col-100 elementor-top-column elementor-element elementor-element-1238a5b9\" data-id=\"1238a5b9\" data-element_type=\"column\" data-e-type=\"column\" data-settings=\"{&quot;background_background&quot;:&quot;classic&quot;}\">\n\t\t\t<div class=\"elementor-widget-wrap elementor-element-populated\">\n\t\t\t\t\t\t<section class=\"elementor-section elementor-inner-section elementor-element elementor-element-1cc8391b elementor-section-content-middle elementor-section-full_width elementor-section-height-default elementor-section-height-default\" data-id=\"1cc8391b\" data-element_type=\"section\" data-e-type=\"section\">\n\t\t\t\t\t\t<div class=\"elementor-container elementor-column-gap-no\">\n\t\t\t\t\t<div class=\"elementor-column elementor-col-25 elementor-inner-column elementor-element elementor-element-13b2b083\" data-id=\"13b2b083\" data-element_type=\"column\" data-e-type=\"column\">\n\t\t\t<div class=\"elementor-widget-wrap\">\n\t\t\t\t\t\t\t<\/div>\n\t\t<\/div>\n\t\t\t\t<div class=\"elementor-column elementor-col-25 elementor-inner-column elementor-element elementor-element-3272ce0e\" data-id=\"3272ce0e\" data-element_type=\"column\" data-e-type=\"column\">\n\t\t\t<div class=\"elementor-widget-wrap elementor-element-populated\">\n\t\t\t\t\t\t<div class=\"elementor-element elementor-element-3ca06846 elementor-widget elementor-widget-image\" data-id=\"3ca06846\" data-element_type=\"widget\" data-e-type=\"widget\" data-widget_type=\"image.default\">\n\t\t\t\t<div class=\"elementor-widget-container\">\n\t\t\t\t\t\t\t\t\t\t\t\t\t\t\t<img fetchpriority=\"high\" decoding=\"async\" width=\"300\" height=\"300\" src=\"https:\/\/www.irpps.cnr.it\/wp-content\/uploads\/2021\/12\/Tudisca-300x300.png\" class=\"attachment-medium size-medium wp-image-30652\" alt=\"\" srcset=\"https:\/\/www.irpps.cnr.it\/wp-content\/uploads\/2021\/12\/Tudisca-300x300.png 300w, https:\/\/www.irpps.cnr.it\/wp-content\/uploads\/2021\/12\/Tudisca-540x540.png 540w, https:\/\/www.irpps.cnr.it\/wp-content\/uploads\/2021\/12\/Tudisca-240x240.png 240w, https:\/\/www.irpps.cnr.it\/wp-content\/uploads\/2021\/12\/Tudisca-1024x1024.png 1024w, https:\/\/www.irpps.cnr.it\/wp-content\/uploads\/2021\/12\/Tudisca-150x150.png 150w, https:\/\/www.irpps.cnr.it\/wp-content\/uploads\/2021\/12\/Tudisca-768x768.png 768w, https:\/\/www.irpps.cnr.it\/wp-content\/uploads\/2021\/12\/Tudisca.png 1080w\" sizes=\"(max-width: 300px) 100vw, 300px\" \/>\t\t\t\t\t\t\t\t\t\t\t\t\t\t\t<\/div>\n\t\t\t\t<\/div>\n\t\t\t\t\t<\/div>\n\t\t<\/div>\n\t\t\t\t<div class=\"elementor-column elementor-col-25 elementor-inner-column elementor-element elementor-element-4d0a6c4\" data-id=\"4d0a6c4\" data-element_type=\"column\" data-e-type=\"column\">\n\t\t\t<div class=\"elementor-widget-wrap elementor-element-populated\">\n\t\t\t\t\t\t<div class=\"elementor-element elementor-element-6a39506a elementor-widget elementor-widget-heading\" data-id=\"6a39506a\" data-element_type=\"widget\" data-e-type=\"widget\" data-widget_type=\"heading.default\">\n\t\t\t\t<div class=\"elementor-widget-container\">\n\t\t\t\t\t<h3 class=\"elementor-heading-title elementor-size-default\">Valentina Tudisca<\/h3>\t\t\t\t<\/div>\n\t\t\t\t<\/div>\n\t\t\t\t<div class=\"elementor-element elementor-element-7d5e0935 elementor-widget elementor-widget-text-editor\" data-id=\"7d5e0935\" data-element_type=\"widget\" data-e-type=\"widget\" data-widget_type=\"text-editor.default\">\n\t\t\t\t<div class=\"elementor-widget-container\">\n\t\t\t\t\t\t\t\t\t<p><span>IRPPS Researcher. Coordinator of the &#8220;<a href=\"https:\/\/www.irpps.cnr.it\/en\/comese-social-studies-on-science-education-communication\/\">Social Studies on Science, Education, Communication<\/a>&#8221; Research Group<\/span><br><span>Her research interests include: science communication; the relationship between evidence and decision-making processes; representations of international migration and migrants in the media and textbooks; participatory teaching. <\/span> <\/p>\t\t\t\t\t\t\t\t<\/div>\n\t\t\t\t<\/div>\n\t\t\t\t<div class=\"elementor-element elementor-element-51bd414 elementor-position-left elementor-widget-icon-box wgl-icon-box elementor-view-default divider_yes aleft elementor-widget elementor-widget-wgl-info-box\" data-id=\"51bd414\" data-element_type=\"widget\" data-e-type=\"widget\" data-widget_type=\"wgl-info-box.default\">\n\t\t\t\t<div class=\"elementor-widget-container\">\n\t\t\t\t\t<div class=\"wgl-infobox\"><div class=\"wgl-infobox_wrapper elementor-icon-box-wrapper\"><div class=\"wgl-infobox-icon_wrapper elementor-icon-box-icon\"><div class=\"wgl-infobox-icon_container\"><span class=\"wgl-icon elementor-icon elementor-animation-\" ><i class=\"icon fa fa-map-marker\"><\/i><\/span><\/div><\/div><div class=\"wgl-infobox-content_wrapper elementor-icon-box-content\"><div class=\"wgl-infobox-title_wrapper\"><\/div><div class=\"wgl-infobox_content\"><p>Rome<\/p><\/div><\/div><\/div><\/div>\t\t\t\t<\/div>\n\t\t\t\t<\/div>\n\t\t\t\t<div class=\"elementor-element elementor-element-a9d2562 elementor-position-left elementor-widget-icon-box wgl-icon-box elementor-view-default divider_yes aleft elementor-widget elementor-widget-wgl-info-box\" data-id=\"a9d2562\" data-element_type=\"widget\" data-e-type=\"widget\" data-widget_type=\"wgl-info-box.default\">\n\t\t\t\t<div class=\"elementor-widget-container\">\n\t\t\t\t\t<div class=\"wgl-infobox\"><div class=\"wgl-infobox_wrapper elementor-icon-box-wrapper\"><div class=\"wgl-infobox-icon_wrapper elementor-icon-box-icon\"><div class=\"wgl-infobox-icon_container\"><span class=\"wgl-icon elementor-icon elementor-animation-\" ><i class=\"icon fa fa-envelope-open\"><\/i><\/span><\/div><\/div><div class=\"wgl-infobox-content_wrapper elementor-icon-box-content\"><div class=\"wgl-infobox-title_wrapper\"><\/div><div class=\"wgl-infobox_content\"><p>valentina.tudisca@irpps.cnr.it<\/p><\/div><\/div><\/div><\/div>\t\t\t\t<\/div>\n\t\t\t\t<\/div>\n\t\t\t\t<div class=\"elementor-element elementor-element-4835409b elementor-position-left elementor-widget-icon-box wgl-icon-box elementor-view-default divider_yes aleft elementor-widget elementor-widget-wgl-info-box\" data-id=\"4835409b\" data-element_type=\"widget\" data-e-type=\"widget\" data-widget_type=\"wgl-info-box.default\">\n\t\t\t\t<div class=\"elementor-widget-container\">\n\t\t\t\t\t<div class=\"wgl-infobox\"><div class=\"wgl-infobox_wrapper elementor-icon-box-wrapper\"><div class=\"wgl-infobox-icon_wrapper elementor-icon-box-icon\"><div class=\"wgl-infobox-icon_container\"><span class=\"wgl-icon elementor-icon elementor-animation-\" ><i class=\"icon fa fa-phone\"><\/i><\/span><\/div><\/div><div class=\"wgl-infobox-content_wrapper elementor-icon-box-content\"><div class=\"wgl-infobox-title_wrapper\"><\/div><div class=\"wgl-infobox_content\"><p>+39 06 492 724 223<\/p><\/div><\/div><\/div><\/div>\t\t\t\t<\/div>\n\t\t\t\t<\/div>\n\t\t\t\t<div class=\"elementor-element elementor-element-2160b777 elementor-position-left elementor-widget-icon-box wgl-icon-box elementor-view-default divider_yes aleft elementor-widget elementor-widget-wgl-info-box\" data-id=\"2160b777\" data-element_type=\"widget\" data-e-type=\"widget\" data-widget_type=\"wgl-info-box.default\">\n\t\t\t\t<div class=\"elementor-widget-container\">\n\t\t\t\t\t<div class=\"wgl-infobox\"><div class=\"wgl-infobox_wrapper elementor-icon-box-wrapper\"><div class=\"wgl-infobox-icon_wrapper elementor-icon-box-icon\"><div class=\"wgl-infobox-icon_container\"><span class=\"wgl-icon elementor-icon elementor-animation-\" ><i class=\"icon fa fa-arrow-circle-right\"><\/i><\/span><\/div><\/div><div class=\"wgl-infobox-content_wrapper elementor-icon-box-content\"><div class=\"wgl-infobox-title_wrapper\"><\/div><div class=\"wgl-infobox_content\"><p>Curriculum Vitae<\/p><\/div><\/div><a class=\"wgl-infobox_item_link\" href=\"https:\/\/www.irpps.cnr.it\/wp-content\/uploads\/2023\/03\/ValentinaTudiscaCV-persito-1.pdf\" target=\"_blank\"><\/a><\/div><\/div>\t\t\t\t<\/div>\n\t\t\t\t<\/div>\n\t\t\t\t\t<\/div>\n\t\t<\/div>\n\t\t\t\t<div class=\"elementor-column elementor-col-25 elementor-inner-column elementor-element elementor-element-4d96090b\" data-id=\"4d96090b\" data-element_type=\"column\" data-e-type=\"column\">\n\t\t\t<div class=\"elementor-widget-wrap\">\n\t\t\t\t\t\t\t<\/div>\n\t\t<\/div>\n\t\t\t\t\t<\/div>\n\t\t<\/section>\n\t\t\t\t\t<\/div>\n\t\t<\/div>\n\t\t\t\t\t<\/div>\n\t\t<\/section>\n\t\t\t\t<section class=\"elementor-section elementor-top-section elementor-element elementor-element-1e8633ec elementor-section-content-top elementor-section-full_width elementor-section-height-default elementor-section-height-default\" data-id=\"1e8633ec\" data-element_type=\"section\" data-e-type=\"section\" data-settings=\"{&quot;background_background&quot;:&quot;classic&quot;}\">\n\t\t\t\t\t\t\t<div class=\"elementor-background-overlay\"><\/div>\n\t\t\t\t\t\t\t<div class=\"elementor-container elementor-column-gap-no\">\n\t\t\t\t\t<div class=\"elementor-column elementor-col-100 elementor-top-column elementor-element elementor-element-1432621f\" data-id=\"1432621f\" data-element_type=\"column\" data-e-type=\"column\">\n\t\t\t<div class=\"elementor-widget-wrap elementor-element-populated\">\n\t\t\t\t\t\t<div class=\"elementor-element elementor-element-6edb755d elementor-widget elementor-widget-heading\" data-id=\"6edb755d\" data-element_type=\"widget\" data-e-type=\"widget\" data-widget_type=\"heading.default\">\n\t\t\t\t<div class=\"elementor-widget-container\">\n\t\t\t\t\t<h2 class=\"elementor-heading-title elementor-size-default\">Information<\/h2>\t\t\t\t<\/div>\n\t\t\t\t<\/div>\n\t\t\t\t<div class=\"elementor-element elementor-element-500b8c5d elementor-widget elementor-widget-text-editor\" data-id=\"500b8c5d\" data-element_type=\"widget\" data-e-type=\"widget\" data-widget_type=\"text-editor.default\">\n\t\t\t\t<div class=\"elementor-widget-container\">\n\t\t\t\t\t\t\t\t\t<p>Valentina Tudisca coordinates the Social Studies on Science, Education, Communication (COMESE) research group, whose main objective is to understand and enhance the relationships between science, policy, and society. Her research interests include: science communication; the relationship between evidence and decision-making processes; representations of international migration and migrants in the media and textbooks; participatory teaching. Cross-cutting across the various thematic areas is the use of participatory methodologies to involve various social actors in research activities.<br>One of her distinctive features is the interdisciplinarity of her research path, which began with physics, the subject in which she obtained her PhD, leading to the study of the relationship between science and society through a two-year master&#8217;s degree in science communication from the International School for Advanced Studies (SISSA) in Trieste.<br>In parallel with her research activity, she has also been active in science communication, collaborating with various publications such as <em>Sapere<\/em>, <em>National Geographic Italia<\/em>, and <em>OggiScienza, <\/em>winning three national science journalism awards.  <\/p>\t\t\t\t\t\t\t\t<\/div>\n\t\t\t\t<\/div>\n\t\t\t\t<div class=\"elementor-element elementor-element-311121d8 elementor-widget-divider--view-line elementor-widget elementor-widget-divider\" data-id=\"311121d8\" data-element_type=\"widget\" data-e-type=\"widget\" data-widget_type=\"divider.default\">\n\t\t\t\t<div class=\"elementor-widget-container\">\n\t\t\t\t\t\t\t<div class=\"elementor-divider\">\n\t\t\t<span class=\"elementor-divider-separator\">\n\t\t\t\t\t\t<\/span>\n\t\t<\/div>\n\t\t\t\t\t\t<\/div>\n\t\t\t\t<\/div>\n\t\t\t\t\t<\/div>\n\t\t<\/div>\n\t\t\t\t\t<\/div>\n\t\t<\/section>\n\t\t\t\t<section class=\"elementor-section elementor-top-section elementor-element elementor-element-578b4312 elementor-section-content-top elementor-section-full_width elementor-section-height-default elementor-section-height-default\" data-id=\"578b4312\" data-element_type=\"section\" data-e-type=\"section\" data-settings=\"{&quot;background_background&quot;:&quot;classic&quot;}\">\n\t\t\t\t\t\t\t<div class=\"elementor-background-overlay\"><\/div>\n\t\t\t\t\t\t\t<div class=\"elementor-container elementor-column-gap-no\">\n\t\t\t\t\t<div class=\"elementor-column elementor-col-100 elementor-top-column elementor-element elementor-element-267ca0cc\" data-id=\"267ca0cc\" data-element_type=\"column\" data-e-type=\"column\">\n\t\t\t<div class=\"elementor-widget-wrap elementor-element-populated\">\n\t\t\t\t\t\t<div class=\"elementor-element elementor-element-371b142e elementor-widget elementor-widget-heading\" data-id=\"371b142e\" data-element_type=\"widget\" data-e-type=\"widget\" data-widget_type=\"heading.default\">\n\t\t\t\t<div class=\"elementor-widget-container\">\n\t\t\t\t\t<h2 class=\"elementor-heading-title elementor-size-default\">Main publications<\/h2>\t\t\t\t<\/div>\n\t\t\t\t<\/div>\n\t\t\t\t<div class=\"elementor-element elementor-element-126f096e elementor-widget-divider--view-line elementor-widget elementor-widget-divider\" data-id=\"126f096e\" data-element_type=\"widget\" data-e-type=\"widget\" data-widget_type=\"divider.default\">\n\t\t\t\t<div class=\"elementor-widget-container\">\n\t\t\t\t\t\t\t<div class=\"elementor-divider\">\n\t\t\t<span class=\"elementor-divider-separator\">\n\t\t\t\t\t\t<\/span>\n\t\t<\/div>\n\t\t\t\t\t\t<\/div>\n\t\t\t\t<\/div>\n\t\t\t\t<div class=\"elementor-element elementor-element-436c2766 elementor-widget elementor-widget-text-editor\" data-id=\"436c2766\" data-element_type=\"widget\" data-e-type=\"widget\" data-widget_type=\"text-editor.default\">\n\t\t\t\t<div class=\"elementor-widget-container\">\n\t\t\t\t\t\t\t\t\t<span class=\"notranslate\">\n\u2022 <a href=\"https:\/\/health-policy-systems.biomedcentral.com\/articles\/10.1186\/s12961-018-0323-z\">Development of measurable indicators to enhance public health evidence-informed policy-making<\/a>, V. Tudisca; A. Valente; T. Castellani; T. St\u00e5hl; P. Sandu; D. Dulf; H. Spitters; I. Van de Goor; C. Radl-Karimi; A. Syed; N. Loncarevic; C. Juel Lau; S. Roelofs; M. Bertram; N. Edwards; A.R. Aro, May 31, 2018, Health Research Policy and Systems 16:47;<br>\n\u2022 Actors engagement and tailored methods in physical education and sport curriculum as a Policy Lab, A. Valente, V. Tudisca, P. Demurtas, P. Sandu, C. Ovidiu Baba, E. Durmishi and the DIYPES Consortium, in <a href=\"https:\/\/www.springer.com\/gp\/book\/9783319732060\">Responsible Research and Innovation Actions in Science Education, Gender and Ethics. Case and Experiences<\/a>, F. Ferri et al., 2018, Ed. Springer, SpringerBriefs in Research and Innovation Governance series; <br>\n\u2022 Actors and Practices in Living Lab for Alternating Training, A. Valente, V. Tudisca, C. Pennacchiotti, Z. Smyrnaiou, K. Kotsari, I. Monson\u00eds-Pay\u00e1, J. Garc\u00e9s, B. Branchini, F.L. Ricci and the DESCI Consortium, in <a href=\"https:\/\/www.springer.com\/gp\/book\/9783319732060\">Responsible Research and Innovation Actions in Science Education, Gender and Ethics. Case and Experiences<\/a>, F. Ferri et al., 2018, Ed. Springer, SpringerBriefs in Research and Innovation Governance series; <br>\n\u2022 The representation of migrants in European online news outlets: a pilot analysis, V. Tudisca, A. Pelliccia, M. G. Caruso, L. Cerbara, A. Valente, 2017, in <em><a href=\"http:\/\/www.irpps.cnr.it\/wp-content\/uploads\/2017\/11\/MIGRAZIONI-E-INTEGRAZIONI.pdf\">Migration and integration in Italy today<\/a><\/em>, C. Bonifazi, Rome: CNR-IRPPS e-Publishing;<br>\n\u2022 Iconography of migration in textbooks, A. Valente, V. Tudisca, V. Calcagno, L. Piromalli, V. Ronca, M. Santurro, L. Zampino, S. Caravita, 2017, in <em><a href=\"http:\/\/www.irpps.cnr.it\/wp-content\/uploads\/2017\/11\/MIGRAZIONI-E-INTEGRAZIONI.pdf\">Migration and integration in Italy <br>today<\/a><\/em>, C. Bonifazi, Rome: CNR-IRPPS e-Publishing;\n\n\u2022 <a href=\"http:\/\/eurpub.oxfordjournals.org\/content\/eurpub\/26\/suppl_1\/ckw167.018.full.pdf%22\">REPOPA indicators for evidence-informed policy making validated by an international Delphi study<\/a>, V. Tudisca, T. Castellani, AR. Aro, T. St\u00e5hl, I. Van de Goor, C. Radl-Karimi, H. Spitters, AM. Syed, D. Rus, S. Roelofs, A. Valente, November 2016, European Journal of Public Health, Vol.26, Suppl. 1;   <br>\n\u2022 <a href=\"http:\/\/eurpub.oxfordjournals.org\/content\/eurpub\/26\/suppl_1\/ckw174.080.full.pdf\">Defining domains of evidence-informed policymaking in the area of physical activity: pathway from frameworks to indicators<\/a>, N. Loncarevic, M Bertram, V. Tudisca, A. Valente, AR. Aro and REPOPA WP1 partners, November 2016, European Journal of Public Health, Vol.26, Suppl.1; <br>\n\u2022 <a href=\"http:\/\/eurpub.oxfordjournals.org\/content\/eurpub\/26\/suppl_1\/ckw174.077.full.pdf\">Indicators for evidence-informed policy making and policy phases in the Italian and Danish context<\/a>, V. Tudisca, C. Radl-Karimi, CL. Lau, AM. Syed, AR. Aro, A Valente, November 2016, European Journal of Public Health, Vol.26, Suppl. 1 Monograph <em><a href=\"http:\/\/www.irpps.cnr.it\/e-pub\/ojs\/index.php\/mono\/article\/view\/978-88-98822-06-5\/pdf\">The web-documentary as a new frontier of science communication: current state and perspectives<\/a><\/em>, V. Tudisca (2016). Rome: CNR-IRPPS e-Publishing, doi 10.14600\/978-88-98822-06-5;     <br>\n\u2022 <a href=\"https:\/\/www.irpps.cnr.it\/en\/blog_01\/\">Report on communication between researchers and stakeholders: a case study in the agro-organic sector<\/a>, V. Tudisca (2016). Rome: National Research Council \u2013 Institute for Research on Population and Social Policies. (IRPPS Working papers n.87\/2016).  <br><\/span>\t\t\t\t\t\t\t\t<\/div>\n\t\t\t\t<\/div>\n\t\t\t\t\t<\/div>\n\t\t<\/div>\n\t\t\t\t\t<\/div>\n\t\t<\/section>\n\t\t\t\t<\/div>\n\t\t","protected":false},"excerpt":{"rendered":"<p>Valentina Tudisca IRPPS Researcher. Coordinator of the &#8220;Social Studies on Science, Education, Communication&#8221; Research GroupHer research interests include: science communication; the relationship between evidence and decision-making processes; representations of international migration and migrants in the media and textbooks; participatory teaching. Rome valentina.tudisca@irpps.cnr.it +39 06 492 724 223 Curriculum Vitae Information Valentina Tudisca coordinates the Social [&hellip;]<\/p>\n","protected":false},"author":3,"featured_media":0,"parent":0,"menu_order":0,"comment_status":"closed","ping_status":"closed","template":"","meta":{"footnotes":""},"categories":[],"tags":[],"class_list":["post-30650","page","type-page","status-publish","hentry"],"_links":{"self":[{"href":"https:\/\/www.irpps.cnr.it\/en\/wp-json\/wp\/v2\/pages\/30650","targetHints":{"allow":["GET"]}}],"collection":[{"href":"https:\/\/www.irpps.cnr.it\/en\/wp-json\/wp\/v2\/pages"}],"about":[{"href":"https:\/\/www.irpps.cnr.it\/en\/wp-json\/wp\/v2\/types\/page"}],"author":[{"embeddable":true,"href":"https:\/\/www.irpps.cnr.it\/en\/wp-json\/wp\/v2\/users\/3"}],"replies":[{"embeddable":true,"href":"https:\/\/www.irpps.cnr.it\/en\/wp-json\/wp\/v2\/comments?post=30650"}],"version-history":[{"count":1,"href":"https:\/\/www.irpps.cnr.it\/en\/wp-json\/wp\/v2\/pages\/30650\/revisions"}],"predecessor-version":[{"id":30653,"href":"https:\/\/www.irpps.cnr.it\/en\/wp-json\/wp\/v2\/pages\/30650\/revisions\/30653"}],"wp:attachment":[{"href":"https:\/\/www.irpps.cnr.it\/en\/wp-json\/wp\/v2\/media?parent=30650"}],"wp:term":[{"taxonomy":"category","embeddable":true,"href":"https:\/\/www.irpps.cnr.it\/en\/wp-json\/wp\/v2\/categories?post=30650"},{"taxonomy":"post_tag","embeddable":true,"href":"https:\/\/www.irpps.cnr.it\/en\/wp-json\/wp\/v2\/tags?post=30650"}],"curies":[{"name":"wp","href":"https:\/\/api.w.org\/{rel}","templated":true}]}}