{"id":30654,"date":"2021-12-03T12:41:25","date_gmt":"2021-12-03T12:41:25","guid":{"rendered":"https:\/\/www.irpps.cnr.it\/ilaria-di-tullio\/"},"modified":"2026-03-02T11:34:32","modified_gmt":"2026-03-02T11:34:32","slug":"ilaria-di-tullio","status":"publish","type":"page","link":"https:\/\/www.irpps.cnr.it\/en\/ilaria-di-tullio\/","title":{"rendered":"Ilaria Di Tullio"},"content":{"rendered":"\t\t<div data-elementor-type=\"wp-page\" data-elementor-id=\"30654\" class=\"elementor elementor-30654 elementor-3547\" data-elementor-post-type=\"page\">\n\t\t\t\t\t\t<section class=\"elementor-section elementor-top-section elementor-element elementor-element-7c638cf1 elementor-section-content-middle elementor-section-full_width elementor-section-height-default elementor-section-height-default\" data-id=\"7c638cf1\" data-element_type=\"section\" data-e-type=\"section\" data-settings=\"{&quot;background_background&quot;:&quot;classic&quot;}\">\n\t\t\t\t\t\t\t<div class=\"elementor-background-overlay\"><\/div>\n\t\t\t\t\t\t\t<div class=\"elementor-container elementor-column-gap-no\">\n\t\t\t\t\t<div class=\"elementor-column elementor-col-100 elementor-top-column elementor-element elementor-element-568219c0\" data-id=\"568219c0\" data-element_type=\"column\" data-e-type=\"column\" data-settings=\"{&quot;background_background&quot;:&quot;classic&quot;}\">\n\t\t\t<div class=\"elementor-widget-wrap elementor-element-populated\">\n\t\t\t\t\t\t<section class=\"elementor-section elementor-inner-section elementor-element elementor-element-1c46399a elementor-section-content-middle elementor-section-full_width elementor-section-height-default elementor-section-height-default\" data-id=\"1c46399a\" data-element_type=\"section\" data-e-type=\"section\">\n\t\t\t\t\t\t<div class=\"elementor-container elementor-column-gap-no\">\n\t\t\t\t\t<div class=\"elementor-column elementor-col-25 elementor-inner-column elementor-element elementor-element-75ac715b\" data-id=\"75ac715b\" data-element_type=\"column\" data-e-type=\"column\">\n\t\t\t<div class=\"elementor-widget-wrap\">\n\t\t\t\t\t\t\t<\/div>\n\t\t<\/div>\n\t\t\t\t<div class=\"elementor-column elementor-col-25 elementor-inner-column elementor-element elementor-element-7a883765\" data-id=\"7a883765\" data-element_type=\"column\" data-e-type=\"column\">\n\t\t\t<div class=\"elementor-widget-wrap elementor-element-populated\">\n\t\t\t\t\t\t<div class=\"elementor-element elementor-element-7407603a elementor-widget elementor-widget-image\" data-id=\"7407603a\" data-element_type=\"widget\" data-e-type=\"widget\" data-widget_type=\"image.default\">\n\t\t\t\t<div class=\"elementor-widget-container\">\n\t\t\t\t\t\t\t\t\t\t\t\t\t\t\t<img fetchpriority=\"high\" decoding=\"async\" width=\"300\" height=\"300\" src=\"https:\/\/www.irpps.cnr.it\/wp-content\/uploads\/2021\/12\/di-tullio-300x300.png\" class=\"attachment-medium size-medium wp-image-30656\" alt=\"\" srcset=\"https:\/\/www.irpps.cnr.it\/wp-content\/uploads\/2021\/12\/di-tullio-300x300.png 300w, https:\/\/www.irpps.cnr.it\/wp-content\/uploads\/2021\/12\/di-tullio-540x540.png 540w, https:\/\/www.irpps.cnr.it\/wp-content\/uploads\/2021\/12\/di-tullio-240x240.png 240w, https:\/\/www.irpps.cnr.it\/wp-content\/uploads\/2021\/12\/di-tullio-1024x1024.png 1024w, https:\/\/www.irpps.cnr.it\/wp-content\/uploads\/2021\/12\/di-tullio-150x150.png 150w, https:\/\/www.irpps.cnr.it\/wp-content\/uploads\/2021\/12\/di-tullio-768x768.png 768w, https:\/\/www.irpps.cnr.it\/wp-content\/uploads\/2021\/12\/di-tullio.png 1080w\" sizes=\"(max-width: 300px) 100vw, 300px\" \/>\t\t\t\t\t\t\t\t\t\t\t\t\t\t\t<\/div>\n\t\t\t\t<\/div>\n\t\t\t\t\t<\/div>\n\t\t<\/div>\n\t\t\t\t<div class=\"elementor-column elementor-col-25 elementor-inner-column elementor-element elementor-element-5ec798e9\" data-id=\"5ec798e9\" data-element_type=\"column\" data-e-type=\"column\">\n\t\t\t<div class=\"elementor-widget-wrap elementor-element-populated\">\n\t\t\t\t\t\t<div class=\"elementor-element elementor-element-70bec1c elementor-widget elementor-widget-heading\" data-id=\"70bec1c\" data-element_type=\"widget\" data-e-type=\"widget\" data-widget_type=\"heading.default\">\n\t\t\t\t<div class=\"elementor-widget-container\">\n\t\t\t\t\t<h3 class=\"elementor-heading-title elementor-size-default\">Ilaria Di Tullio<\/h3>\t\t\t\t<\/div>\n\t\t\t\t<\/div>\n\t\t\t\t<div class=\"elementor-element elementor-element-35238612 elementor-widget elementor-widget-text-editor\" data-id=\"35238612\" data-element_type=\"widget\" data-e-type=\"widget\" data-widget_type=\"text-editor.default\">\n\t\t\t\t<div class=\"elementor-widget-container\">\n\t\t\t\t\t\t\t\t\t<p>Researcher at CNR&#8217;s IRPPS, she focuses on public policies related to gender issues at the national and European level.<\/p>\t\t\t\t\t\t\t\t<\/div>\n\t\t\t\t<\/div>\n\t\t\t\t<div class=\"elementor-element elementor-element-73da9ec6 elementor-position-left elementor-widget-icon-box wgl-icon-box elementor-view-default divider_yes aleft elementor-widget elementor-widget-wgl-info-box\" data-id=\"73da9ec6\" data-element_type=\"widget\" data-e-type=\"widget\" data-widget_type=\"wgl-info-box.default\">\n\t\t\t\t<div class=\"elementor-widget-container\">\n\t\t\t\t\t<div class=\"wgl-infobox\"><div class=\"wgl-infobox_wrapper elementor-icon-box-wrapper\"><div class=\"wgl-infobox-icon_wrapper elementor-icon-box-icon\"><div class=\"wgl-infobox-icon_container\"><span class=\"wgl-icon elementor-icon elementor-animation-\" ><i class=\"icon fa fa-map-marker\"><\/i><\/span><\/div><\/div><div class=\"wgl-infobox-content_wrapper elementor-icon-box-content\"><div class=\"wgl-infobox-title_wrapper\"><\/div><div class=\"wgl-infobox_content\"><p>Rome<\/p><\/div><\/div><\/div><\/div>\t\t\t\t<\/div>\n\t\t\t\t<\/div>\n\t\t\t\t<div class=\"elementor-element elementor-element-67e55503 elementor-position-left elementor-widget-icon-box wgl-icon-box elementor-view-default divider_yes aleft elementor-widget elementor-widget-wgl-info-box\" data-id=\"67e55503\" data-element_type=\"widget\" data-e-type=\"widget\" data-widget_type=\"wgl-info-box.default\">\n\t\t\t\t<div class=\"elementor-widget-container\">\n\t\t\t\t\t<div class=\"wgl-infobox\"><div class=\"wgl-infobox_wrapper elementor-icon-box-wrapper\"><div class=\"wgl-infobox-icon_wrapper elementor-icon-box-icon\"><div class=\"wgl-infobox-icon_container\"><span class=\"wgl-icon elementor-icon elementor-animation-\" ><i class=\"icon fa fa-envelope-open\"><\/i><\/span><\/div><\/div><div class=\"wgl-infobox-content_wrapper elementor-icon-box-content\"><div class=\"wgl-infobox-title_wrapper\"><\/div><div class=\"wgl-infobox_content\"><p>ilaria.ditullio@irpps.cnr.it<\/p><\/div><\/div><\/div><\/div>\t\t\t\t<\/div>\n\t\t\t\t<\/div>\n\t\t\t\t<div class=\"elementor-element elementor-element-48b68e01 elementor-position-left elementor-widget-icon-box wgl-icon-box elementor-view-default divider_yes aleft elementor-widget elementor-widget-wgl-info-box\" data-id=\"48b68e01\" data-element_type=\"widget\" data-e-type=\"widget\" data-widget_type=\"wgl-info-box.default\">\n\t\t\t\t<div class=\"elementor-widget-container\">\n\t\t\t\t\t<div class=\"wgl-infobox\"><div class=\"wgl-infobox_wrapper elementor-icon-box-wrapper\"><div class=\"wgl-infobox-icon_wrapper elementor-icon-box-icon\"><div class=\"wgl-infobox-icon_container\"><span class=\"wgl-icon elementor-icon elementor-animation-\" ><i class=\"icon fa fa-phone\"><\/i><\/span><\/div><\/div><div class=\"wgl-infobox-content_wrapper elementor-icon-box-content\"><div class=\"wgl-infobox-title_wrapper\"><\/div><div class=\"wgl-infobox_content\"><p>+39 06 4927 24245<\/p><\/div><\/div><\/div><\/div>\t\t\t\t<\/div>\n\t\t\t\t<\/div>\n\t\t\t\t<div class=\"elementor-element elementor-element-424adca2 elementor-position-left elementor-widget-icon-box wgl-icon-box elementor-view-default divider_yes aleft elementor-widget elementor-widget-wgl-info-box\" data-id=\"424adca2\" data-element_type=\"widget\" data-e-type=\"widget\" data-widget_type=\"wgl-info-box.default\">\n\t\t\t\t<div class=\"elementor-widget-container\">\n\t\t\t\t\t<div class=\"wgl-infobox\"><div class=\"wgl-infobox_wrapper elementor-icon-box-wrapper\"><div class=\"wgl-infobox-icon_wrapper elementor-icon-box-icon\"><div class=\"wgl-infobox-icon_container\"><span class=\"wgl-icon elementor-icon elementor-animation-\" ><i class=\"icon fa fa-arrow-circle-right\"><\/i><\/span><\/div><\/div><div class=\"wgl-infobox-content_wrapper elementor-icon-box-content\"><div class=\"wgl-infobox-title_wrapper\"><\/div><div class=\"wgl-infobox_content\"><p>Curriculum Vitae<\/p><\/div><\/div><a class=\"wgl-infobox_item_link\" href=\"http:\/\/www.irpps.cnr.it\/wp-content\/uploads\/2021\/12\/CV-DI-TULLIO.pdf\" target=\"_blank\"><\/a><\/div><\/div>\t\t\t\t<\/div>\n\t\t\t\t<\/div>\n\t\t\t\t\t<\/div>\n\t\t<\/div>\n\t\t\t\t<div class=\"elementor-column elementor-col-25 elementor-inner-column elementor-element elementor-element-bbbf64b\" data-id=\"bbbf64b\" data-element_type=\"column\" data-e-type=\"column\">\n\t\t\t<div class=\"elementor-widget-wrap\">\n\t\t\t\t\t\t\t<\/div>\n\t\t<\/div>\n\t\t\t\t\t<\/div>\n\t\t<\/section>\n\t\t\t\t\t<\/div>\n\t\t<\/div>\n\t\t\t\t\t<\/div>\n\t\t<\/section>\n\t\t\t\t<section class=\"elementor-section elementor-top-section elementor-element elementor-element-5c37c75d elementor-section-content-top elementor-section-full_width elementor-section-height-default elementor-section-height-default\" data-id=\"5c37c75d\" data-element_type=\"section\" data-e-type=\"section\" data-settings=\"{&quot;background_background&quot;:&quot;classic&quot;}\">\n\t\t\t\t\t\t\t<div class=\"elementor-background-overlay\"><\/div>\n\t\t\t\t\t\t\t<div class=\"elementor-container elementor-column-gap-no\">\n\t\t\t\t\t<div class=\"elementor-column elementor-col-100 elementor-top-column elementor-element elementor-element-7546f70f\" data-id=\"7546f70f\" data-element_type=\"column\" data-e-type=\"column\">\n\t\t\t<div class=\"elementor-widget-wrap elementor-element-populated\">\n\t\t\t\t\t\t<div class=\"elementor-element elementor-element-65e668b5 elementor-widget elementor-widget-heading\" data-id=\"65e668b5\" data-element_type=\"widget\" data-e-type=\"widget\" data-widget_type=\"heading.default\">\n\t\t\t\t<div class=\"elementor-widget-container\">\n\t\t\t\t\t<h2 class=\"elementor-heading-title elementor-size-default\">Information<\/h2>\t\t\t\t<\/div>\n\t\t\t\t<\/div>\n\t\t\t\t<div class=\"elementor-element elementor-element-1a3c345b elementor-widget-divider--view-line elementor-widget elementor-widget-divider\" data-id=\"1a3c345b\" data-element_type=\"widget\" data-e-type=\"widget\" data-widget_type=\"divider.default\">\n\t\t\t\t<div class=\"elementor-widget-container\">\n\t\t\t\t\t\t\t<div class=\"elementor-divider\">\n\t\t\t<span class=\"elementor-divider-separator\">\n\t\t\t\t\t\t<\/span>\n\t\t<\/div>\n\t\t\t\t\t\t<\/div>\n\t\t\t\t<\/div>\n\t\t\t\t<div class=\"elementor-element elementor-element-5eb35176 elementor-widget elementor-widget-text-editor\" data-id=\"5eb35176\" data-element_type=\"widget\" data-e-type=\"widget\" data-widget_type=\"text-editor.default\">\n\t\t\t\t<div class=\"elementor-widget-container\">\n\t\t\t\t\t\t\t\t\t<p>Ilaria Di Tullio is a member of the working group for the drafting of the <a href=\"https:\/\/www.cnr.it\/it\/gdl-piano-parita-genere\"><strong>Gender Equality Plan<\/strong><\/a> of CNR, where she is responsible for employee training, collaborating with the Training and Welfare Unit at the central office. She coordinates the <a href=\"https:\/\/www.irpps.cnr.it\/17899-2\/\"><em><strong>Train of Trainers<\/strong><\/em><\/a> working group, which aims to provide training to trainers for raising awareness on gender issues at the research area level. <\/p><p>Ilaria Di Tullio participates in the drafting of the <a href=\"https:\/\/www.cnr.it\/sites\/default\/files\/public\/media\/attivita\/editoria\/BDG_CNR_EDIZIONIdef.pdf\"><strong>Gender Budget<\/strong><\/a> of CNR and is part of the <a href=\"https:\/\/www.irpps.cnr.it\/geta-osservatorio-su-genere-e-talenti\/\"><strong>GETA<\/strong><\/a> observatory.<\/p><p>Over the years, she has conducted research at the OECD in Paris and gained multiple experiences in Europe. She participates in numerous Horizon 2020 European projects including: GENERA; Ri-Peers; MINDtheGEPs. <\/p>\t\t\t\t\t\t\t\t<\/div>\n\t\t\t\t<\/div>\n\t\t\t\t\t<\/div>\n\t\t<\/div>\n\t\t\t\t\t<\/div>\n\t\t<\/section>\n\t\t\t\t<section class=\"elementor-section elementor-top-section elementor-element elementor-element-1e8ae3df elementor-section-content-top elementor-section-full_width elementor-section-height-default elementor-section-height-default\" data-id=\"1e8ae3df\" data-element_type=\"section\" data-e-type=\"section\" data-settings=\"{&quot;background_background&quot;:&quot;classic&quot;}\">\n\t\t\t\t\t\t\t<div class=\"elementor-background-overlay\"><\/div>\n\t\t\t\t\t\t\t<div class=\"elementor-container elementor-column-gap-no\">\n\t\t\t\t\t<div class=\"elementor-column elementor-col-100 elementor-top-column elementor-element elementor-element-170177dc\" data-id=\"170177dc\" data-element_type=\"column\" data-e-type=\"column\">\n\t\t\t<div class=\"elementor-widget-wrap elementor-element-populated\">\n\t\t\t\t\t\t<div class=\"elementor-element elementor-element-10de9917 elementor-widget elementor-widget-heading\" data-id=\"10de9917\" data-element_type=\"widget\" data-e-type=\"widget\" data-widget_type=\"heading.default\">\n\t\t\t\t<div class=\"elementor-widget-container\">\n\t\t\t\t\t<h2 class=\"elementor-heading-title elementor-size-default\">Main Publications<\/h2>\t\t\t\t<\/div>\n\t\t\t\t<\/div>\n\t\t\t\t<div class=\"elementor-element elementor-element-27ee73a6 elementor-widget-divider--view-line elementor-widget elementor-widget-divider\" data-id=\"27ee73a6\" data-element_type=\"widget\" data-e-type=\"widget\" data-widget_type=\"divider.default\">\n\t\t\t\t<div class=\"elementor-widget-container\">\n\t\t\t\t\t\t\t<div class=\"elementor-divider\">\n\t\t\t<span class=\"elementor-divider-separator\">\n\t\t\t\t\t\t<\/span>\n\t\t<\/div>\n\t\t\t\t\t\t<\/div>\n\t\t\t\t<\/div>\n\t\t\t\t<div class=\"elementor-element elementor-element-448f9362 elementor-widget elementor-widget-text-editor\" data-id=\"448f9362\" data-element_type=\"widget\" data-e-type=\"widget\" data-widget_type=\"text-editor.default\">\n\t\t\t\t<div class=\"elementor-widget-container\">\n\t\t\t\t\t\t\t\t\t<div class=\"wpb_text_column wpb_content_element \">\n<div class=\"wpb_wrapper\">\n\n<strong><em>JOURNAL ARTICLES<\/em><\/strong><span class=\"notranslate\">\n<ul>\n \t<li><span class=\"notranslate\">Cellini, M., Di Tullio, I., D&#8217;Ambrosio, G. (2022) <a href=\"https:\/\/doi.org\/10.30553\/sociologiaonline.2022.30.1\">WHO POPULIST VOTERS ARE? Assessing the presence of common identities&#8217; traits among populist voters in the European Union<\/a>. Sociologia online. DOI:https:\/\/doi.org\/10.30553\/sociologiaonline.2022.30.1  \n<\/span><\/li>\n \t<li>Di Tullio, I., Tagliacozzo, S., Cellini, M.,(2022) <a href=\"https:\/\/doi.org\/10.3280\/WE2022-001010\">How do Covid-19 Emergency Policies Relate to Political Trust? A Cross-country Analysis<\/a>. Welfare ed Ergonomia. Ed. FrancoAngeli Milano. ISSN 2421-3691.     https:\/\/doi.org\/10.3280\/WE2022-001010<\/li>\n \t<li>Cellini, M., D&#8217;Ambrosio, G., Di Tullio I. (2022) How does the number of children influence female participation in the labour market? A cross-national analysis of EU-Countries. IRPPS ePub &#8211; Working Paper 129  <\/li>\n \t<li>Masullo, M.R.,Dionisio, G., Antolini, R., Antonucci, M.C., Arezzini, S., Avveduto, S., Crescimbene, C., Di Tullio, I., Leone, S., Luzi,D., Marchesini, N., Pellizzoni, S., Pisacane, L. (2022) Raising awareness on gender issues: a path through physics, outreach and diversity. Conference Proceedings ICHEP, International conference on High Energy Physics (Bologna)<\/li>\n \t<li>Di Tullio I., Pisacane L. (2021) <a href=\"https:\/\/doi.org\/10.1007\/978-3-030-72690-4_6\">Women and Science: Outlook from an Italian School Competition.<\/a> In: Sandu P., Tudisca V., Valente A. (eds) Co-creating in Schools Through Art and Science. SpringerBriefs in Research and Innovation Governance. Springer, Cham.   https:\/\/doi.org\/10.1007\/978-3-030-72690-4_6<\/li>\n \t<li>Di Tullio, I., Pisacane, L., (2020) <a href=\"https:\/\/www.neodemos.info\/2020\/09\/29\/smart-working-e-ricerca-lopinione-dei-protagonisti\/\">Smart Working and Research: The Opinion of the Protagonists<\/a>. Neodemos, Popolazione Societ\u00e0 e Politiche, ISSN 2421-3209. <\/li>\n \t<li>Di Tullio, I., Cellini, M., Antonucci, M.C., Avveduto, S., Crescimbene C., Luzi, D., Pisacane, L., Pecoraro, F., Ruggieri, R., (2020) Survey on smart working within research institutions during the Covid-19 emergency: a gender perspective. IRPPS Working papers. Consiglio Nazionale delle Ricerche -Istituto di Ricerche sulla Popolazione e le Politiche Sociali. ISSN 2240-7332   <\/li>\n \t<li>Di Tullio, I., Cellini, M., Antonucci, M.C., Avveduto, S., Crescimbene C., Luzi, D., Pisacane, L., Pecoraro, F., Ruggieri, R., (2020) Survey on Smart Working and Gender Issues in Italian Research Institutions During the Covid-19 Emergency. IRPPS Working papers. Consiglio Nazionale delle Ricerche -Istituto di Ricerche sulla Popolazione e le Politiche Sociali. ISSN 2240-7332   <\/li>\n \t<li>Di Tullio, I. (2020)<a href=\"https:\/\/www.ingenere.it\/articoli\/perche-quote-genere-fanno-bene-economia\"> Did I say Yes? How TikTok users address sexual abuse at times of Covid-19<\/a>. InGenere. Ed. Fondazione Giacomo Brodolini. ISSN: 2039-1838    <\/li>\n \t<li>Antonucci, M.C.; Avveduto, S. Di Tullio, I. (2020) Why Gender Quotas Are Good for the Economy. InGenere. Ed. Fondazione Giacomo Brodolini. ISSN: 2039-1838    <\/li>\n \t<li>Di Tullio I. (2019) <a href=\"http:\/\/ijse.padovauniversitypress.it\/system\/files\/papers\/IJSE-2019-3-13.pdf\">Gender Equality in STEM: Exploring Self-Efficacy Through<\/a>\nGender Awareness. Italian Journal of sociology &#8211; Padova University Press ISSN 2035-4983 <\/li>\n \t<li>  D&#8217;Ambrosio G., Di Tullio I. (2019) <a href=\"http:\/\/www.cussoc.it\/index.php\/journal\/article\/view\/87\">&#8220;Till death do us part?&#8221;: Analysis of the intimate relationships in the 21st century.<\/a> Culture e Studi del sociale. Vol.4 (2), 2019. ISSN: 2531-3975  <\/li>\n \t<li>Di Tullio I. (2019) <a href=\"https:\/\/sociologiaitaliana.egeaonline.it\/it\/21\/archivio-rivista\/rivista\/3439216\/articolo\/3439244\">Women Scientists in STEM: The Influence of Cultural Factors on the Construction of Role Identity<\/a>. Sociologia Italiana \u2013 AIS Journal of Sociology 2019\/13, pp:87-104. ISSN 2281-2652  <\/li>\n \t<li>Di Tullio I. (2019) <a href=\"https:\/\/www.irpps.cnr.it\/pubblicazioni\/category\/report-and-working-paper\/\">Women researchers and sexual harassment: It is not a labour of love!<\/a> IRPPS &#8211; Working papers. Consiglio Nazionale delle Ricerche -Istituto di Ricerche sulla Popolazione e le Politiche Sociali. ISSN 2240-7332  <\/li>\n \t<li>Di Tullio I. (2018) <a href=\"http:\/\/www.neodemos.info\/articoli\/donne-e-scienza-perche-raccogliere-i-dati-e-il-primo-passo\/\">Women and Science: Why Collecting Data Is the First Step for Gender Equality Plans<\/a>. Neodemos, Popolazione Societ\u00e0 e Politiche, ISSN 2421-3209. <\/li>\n \t<li>S. Avveduto, D.Luzi, I. Di Tullio, L.Pisacane, L. Cerbara, M.C. Brandi, M.G. Caruso (2018) <a href=\"https:\/\/www.researchgate.net\/publication\/325824354_GENERA_Project_Research_organizations_and_gender\">GENERA Project: Research, organizations and gender<\/a>. IRPPS \u2013 CNR Working Papers. ISSN 2240-7332  <\/li>\n \t<li>S. Avveduto, Di Tullio I. (2017) <a href=\"http:\/\/genera-project.com\/index.php\/project-news4\/33-nobel-prizes\">Nobel prizes: only 49 times awarded to women in 115 years<\/a>. GENERA website. <\/li>\n \t<li>Di Tullio I. (2016), <a href=\"https:\/\/www.francoangeli.it\/riviste\/Sommario.aspx?IDRivista=184&amp;lingua=en&amp;anno=2015\">Women in Public Research Institutions<\/a>. Welfare ed Ergonomia. Ed. FrancoAngeli. ISSN 2421-3691    <\/li>\n \t<li>Di Tullio I. (2015) <a href=\"http:\/\/www.irpps.cnr.it\/epub\/ojs\/index.php\/wp\/article\/view\/71\/163\">Well-Being and Social Inequality. Sociological and Statistical Analysis of the Economic Crisis and Its Effects<\/a>. IRPPS Working papers n.  71\/2015. Consiglio Nazionale delle Ricerche -Istituto di Ricerche sulla Popolazione e le Politiche Sociali. ISSN 2240-7332 <\/li>\n \t<li>Di Tullio I. (2015). <a href=\"http:\/\/www.neodemos.info\/crisi-economica-e-disuguaglianze-sociali\">Economic Crisis and Social Inequalities<\/a>. Neodemos, Popolazione Societ\u00e0 e Politiche, ISSN 2421-3209. <\/li>\n \t<li>Di Tullio I., Cerbara L. (2015) <a href=\"http:\/\/www.irpps.cnr.it\/pubblicazioni\/metodologia-della-ricerca-sociale-a-scuola-da-studenti-a-ricercatori-per-scoprire-il-potenziale-di-una-scuola-multietnica\/\">From Students to Researchers to Discover the Potential of a Multiethnic School<\/a>. IRPPS Working papers n.  81\/2015. Rome: Consiglio Nazionale delle Ricerche -Istituto di Ricerche sulla Popolazione e le Politiche Sociali. ISSN 2240-7332 <\/li>\n \t<li>Di Tullio I. (2015) <a href=\"http:\/\/www.ingenere.it\/articoli\/ricercatrici-il-gap-negli-avanzamenti-di-carriera\">Women Researchers. The Gap Is in Career Advancement<\/a>. InGenere. Editore Fondazione Giacomo Brodolini. ISSN: 2039-1838   <\/li>\n<\/ul><\/span>\n<em><strong>MONOGRAPHS<\/strong><\/em>\n<span class=\"notranslate\"><\/span>\n<ul>\n \t<li>Di Tullio I. (2018) <a href=\"https:\/\/core.ac.uk\/download\/pdf\/153369759.pdf\">Women Scientists in STEM. A Case Study on CNR Women Researchers<\/a>. CINECA IRIS Institutional Research Information System <\/li>\n \t<li>Di Tullio I. (2016) Well-Being and Social Inequalities in the Years of the Economic Crisis. Edizioni Accademiche Italiane. ISBN-13:978-3-639-77791-8  <\/li>\n<\/ul><\/span>\n<strong><em>BOOK CHAPTERS<\/em><\/strong><span class=\"notranslate\"><\/span>\n<ul><span class=\"notranslate\">\n \t<li>Archibugi, D., Cellini, M., Di Tullio, I., Malgieri, A., Mariella, V., Pisacane, L. (2022) The PhD: An Evaluation. In Third Edition of the Report on Research and Innovation in Italy. Ed. Consiglio Nazionale delle Ricerche   <\/li>\n \t<li>Di Tullio, I. (2021) Gender in Research Content: Gendered Innovations. In Avveduto, S. (ed.) &#8220;Gender Issues: Reflections on Gender, Society, Research, Economy and Work&#8221;. Gangemi Editore. ISBN: 9788849240191   <\/li>\n \t<li>Di Tullio, I., Cellini, M., D&#8217;Ambrosio, G. (2021) Does Having Children Harm Women&#8217;s Work? A Comparative Analysis Among European Countries. In Avveduto, S. (ed.) &#8220;Gender Issues: Reflections on Gender, Society, Research, Economy and Work&#8221;  <\/li>\n \t<li>Di Tullio, I. (2020). Sexual Harassment in Research: It Is Not a Labour of Exchange!. In Migraciones, g\u00e9nero, culturas visuales y co-participaci\u00f3n: desaf\u00edos para la investigaci\u00f3n en Ciencias Sociales (pp. 196-203). Palmero Ediciones.<\/li>\n \t<li>Di Tullio, I., Misiti, M. (2019) Tools and Methods for Gender Balance in Research Institutions: The Gender Equality Plan. Article in Monograph &#8220;Research: Feminine, Plural&#8221;. Sveva Avveduto (ed.). Rome, CNR Edizioni. Doi: 10.14600\/97888880803690    <\/li>\n \t<li>Antonucci, M.C., Avveduto, S., Di Tullio, I., Pisacane, L. (2019) Training and Careers in Research in the International, European and Italian Context. A Gender Perspective. &#8220;Research: Feminine, Plural&#8221;. Sveva Avveduto (ed.). Rome, CNR Edizioni. Doi: 10.14600\/97888880803690     <\/li>\n \t<li>Di Tullio I. (2019) Women researchers and sexual harassment: it is not a labour of love!, Article in monograph &#8220;#WeTooInScience &#8211; Sexual Harassment in Universities and Research Institutions&#8221;. Sveva Avveduto, Silvana Badaloni, Claudine Hermann, Lucia Martinelli, Giuliana Rubbia, Monica Zopp\u00e8 (Eds.). IRPPS Monografie, Italy, Sept. 2019. ISBN: 978-88-98822-17-1<\/li>\n \t<li>Di Tullio I. (2018) The Relevance of Georg Simmel&#8217;s Thought: A Look at Women Scientists in STEM Through the Conflict Model in Bonolis M., Lombardo C. (eds.) Return to Simmel. Essays on the Legacy of a Classic. Milan, Ed.   FrancoAngeli<\/li>\n \t<li>Di Tullio I. (2016) The Voice of Students. Article in Monograph &#8220;Gap. Young People Put to the Test&#8221;. Antonio Tintori and Loredana Cerbara (Eds.). Ed. Aracne Editrice. ISBN:9788854892781     <\/li><\/span>\n<\/ul>\n&nbsp;\n\n<\/div>\n<\/div>\t\t\t\t\t\t\t\t<\/div>\n\t\t\t\t<\/div>\n\t\t\t\t\t<\/div>\n\t\t<\/div>\n\t\t\t\t\t<\/div>\n\t\t<\/section>\n\t\t\t\t<\/div>\n\t\t","protected":false},"excerpt":{"rendered":"<p>Ilaria Di Tullio Researcher at CNR&#8217;s IRPPS, she focuses on public policies related to gender issues at the national and European level. Rome ilaria.ditullio@irpps.cnr.it +39 06 4927 24245 Curriculum Vitae Information Ilaria Di Tullio is a member of the working group for the drafting of the Gender Equality Plan of CNR, where she is responsible [&hellip;]<\/p>\n","protected":false},"author":3,"featured_media":0,"parent":0,"menu_order":0,"comment_status":"closed","ping_status":"closed","template":"","meta":{"footnotes":""},"categories":[],"tags":[],"class_list":["post-30654","page","type-page","status-publish","hentry"],"_links":{"self":[{"href":"https:\/\/www.irpps.cnr.it\/en\/wp-json\/wp\/v2\/pages\/30654","targetHints":{"allow":["GET"]}}],"collection":[{"href":"https:\/\/www.irpps.cnr.it\/en\/wp-json\/wp\/v2\/pages"}],"about":[{"href":"https:\/\/www.irpps.cnr.it\/en\/wp-json\/wp\/v2\/types\/page"}],"author":[{"embeddable":true,"href":"https:\/\/www.irpps.cnr.it\/en\/wp-json\/wp\/v2\/users\/3"}],"replies":[{"embeddable":true,"href":"https:\/\/www.irpps.cnr.it\/en\/wp-json\/wp\/v2\/comments?post=30654"}],"version-history":[{"count":1,"href":"https:\/\/www.irpps.cnr.it\/en\/wp-json\/wp\/v2\/pages\/30654\/revisions"}],"predecessor-version":[{"id":30657,"href":"https:\/\/www.irpps.cnr.it\/en\/wp-json\/wp\/v2\/pages\/30654\/revisions\/30657"}],"wp:attachment":[{"href":"https:\/\/www.irpps.cnr.it\/en\/wp-json\/wp\/v2\/media?parent=30654"}],"wp:term":[{"taxonomy":"category","embeddable":true,"href":"https:\/\/www.irpps.cnr.it\/en\/wp-json\/wp\/v2\/categories?post=30654"},{"taxonomy":"post_tag","embeddable":true,"href":"https:\/\/www.irpps.cnr.it\/en\/wp-json\/wp\/v2\/tags?post=30654"}],"curies":[{"name":"wp","href":"https:\/\/api.w.org\/{rel}","templated":true}]}}