{"id":30682,"date":"2021-12-04T15:19:57","date_gmt":"2021-12-04T15:19:57","guid":{"rendered":"https:\/\/www.irpps.cnr.it\/marco-accorinti\/"},"modified":"2026-03-02T11:37:41","modified_gmt":"2026-03-02T11:37:41","slug":"marco-accorinti","status":"publish","type":"page","link":"https:\/\/www.irpps.cnr.it\/en\/marco-accorinti\/","title":{"rendered":"Marco Accorinti"},"content":{"rendered":"\t\t<div data-elementor-type=\"wp-page\" data-elementor-id=\"30682\" class=\"elementor elementor-30682 elementor-3841\" data-elementor-post-type=\"page\">\n\t\t\t\t\t\t<section class=\"elementor-section elementor-top-section elementor-element elementor-element-70bb55fd elementor-section-content-middle elementor-section-full_width elementor-section-height-default elementor-section-height-default\" data-id=\"70bb55fd\" data-element_type=\"section\" data-e-type=\"section\" data-settings=\"{&quot;background_background&quot;:&quot;classic&quot;}\">\n\t\t\t\t\t\t\t<div class=\"elementor-background-overlay\"><\/div>\n\t\t\t\t\t\t\t<div class=\"elementor-container elementor-column-gap-no\">\n\t\t\t\t\t<div class=\"elementor-column elementor-col-100 elementor-top-column elementor-element elementor-element-20c06c6a\" data-id=\"20c06c6a\" data-element_type=\"column\" data-e-type=\"column\" data-settings=\"{&quot;background_background&quot;:&quot;classic&quot;}\">\n\t\t\t<div class=\"elementor-widget-wrap elementor-element-populated\">\n\t\t\t\t\t\t<section class=\"elementor-section elementor-inner-section elementor-element elementor-element-4049582c elementor-section-content-middle elementor-section-full_width elementor-section-height-default elementor-section-height-default\" data-id=\"4049582c\" data-element_type=\"section\" data-e-type=\"section\">\n\t\t\t\t\t\t<div class=\"elementor-container elementor-column-gap-no\">\n\t\t\t\t\t<div class=\"elementor-column elementor-col-25 elementor-inner-column elementor-element elementor-element-fa45548\" data-id=\"fa45548\" data-element_type=\"column\" data-e-type=\"column\">\n\t\t\t<div class=\"elementor-widget-wrap\">\n\t\t\t\t\t\t\t<\/div>\n\t\t<\/div>\n\t\t\t\t<div class=\"elementor-column elementor-col-25 elementor-inner-column elementor-element elementor-element-53ce52d5\" data-id=\"53ce52d5\" data-element_type=\"column\" data-e-type=\"column\">\n\t\t\t<div class=\"elementor-widget-wrap elementor-element-populated\">\n\t\t\t\t\t\t<div class=\"elementor-element elementor-element-4cd1dfa5 elementor-widget elementor-widget-image\" data-id=\"4cd1dfa5\" data-element_type=\"widget\" data-e-type=\"widget\" data-widget_type=\"image.default\">\n\t\t\t\t<div class=\"elementor-widget-container\">\n\t\t\t\t\t\t\t\t\t\t\t\t\t\t\t<img fetchpriority=\"high\" decoding=\"async\" width=\"300\" height=\"300\" src=\"https:\/\/www.irpps.cnr.it\/wp-content\/uploads\/2021\/12\/Accorinti-300x300.png\" class=\"attachment-medium size-medium wp-image-30684\" alt=\"\" srcset=\"https:\/\/www.irpps.cnr.it\/wp-content\/uploads\/2021\/12\/Accorinti-300x300.png 300w, https:\/\/www.irpps.cnr.it\/wp-content\/uploads\/2021\/12\/Accorinti-240x240.png 240w, https:\/\/www.irpps.cnr.it\/wp-content\/uploads\/2021\/12\/Accorinti-150x150.png 150w, https:\/\/www.irpps.cnr.it\/wp-content\/uploads\/2021\/12\/Accorinti.png 540w\" sizes=\"(max-width: 300px) 100vw, 300px\" \/>\t\t\t\t\t\t\t\t\t\t\t\t\t\t\t<\/div>\n\t\t\t\t<\/div>\n\t\t\t\t\t<\/div>\n\t\t<\/div>\n\t\t\t\t<div class=\"elementor-column elementor-col-25 elementor-inner-column elementor-element elementor-element-b5f1259\" data-id=\"b5f1259\" data-element_type=\"column\" data-e-type=\"column\">\n\t\t\t<div class=\"elementor-widget-wrap elementor-element-populated\">\n\t\t\t\t\t\t<div class=\"elementor-element elementor-element-242630c9 elementor-widget elementor-widget-heading\" data-id=\"242630c9\" data-element_type=\"widget\" data-e-type=\"widget\" data-widget_type=\"heading.default\">\n\t\t\t\t<div class=\"elementor-widget-container\">\n\t\t\t\t\t<h3 class=\"elementor-heading-title elementor-size-default\">Marco Accorinti<\/h3>\t\t\t\t<\/div>\n\t\t\t\t<\/div>\n\t\t\t\t<div class=\"elementor-element elementor-element-8affdd elementor-widget elementor-widget-text-editor\" data-id=\"8affdd\" data-element_type=\"widget\" data-e-type=\"widget\" data-widget_type=\"text-editor.default\">\n\t\t\t\t<div class=\"elementor-widget-container\">\n\t\t\t\t\t\t\t\t\t<p><\/p><p>He has been working for years on social communication, social policies, social planning, welfare systems, evaluation of social services, studies on the Third Sector in its organizational forms, immigration, and other social issues (elderly, disabled).<\/p>\t\t\t\t\t\t\t\t<\/div>\n\t\t\t\t<\/div>\n\t\t\t\t<div class=\"elementor-element elementor-element-32b1d46c elementor-position-left elementor-widget-icon-box wgl-icon-box elementor-view-default divider_yes aleft elementor-widget elementor-widget-wgl-info-box\" data-id=\"32b1d46c\" data-element_type=\"widget\" data-e-type=\"widget\" data-widget_type=\"wgl-info-box.default\">\n\t\t\t\t<div class=\"elementor-widget-container\">\n\t\t\t\t\t<div class=\"wgl-infobox\"><div class=\"wgl-infobox_wrapper elementor-icon-box-wrapper\"><div class=\"wgl-infobox-icon_wrapper elementor-icon-box-icon\"><div class=\"wgl-infobox-icon_container\"><span class=\"wgl-icon elementor-icon elementor-animation-\" ><i class=\"icon fa fa-map-marker\"><\/i><\/span><\/div><\/div><div class=\"wgl-infobox-content_wrapper elementor-icon-box-content\"><div class=\"wgl-infobox-title_wrapper\"><\/div><div class=\"wgl-infobox_content\"><p>Rome<\/p><\/div><\/div><\/div><\/div>\t\t\t\t<\/div>\n\t\t\t\t<\/div>\n\t\t\t\t<div class=\"elementor-element elementor-element-7a2e6602 elementor-position-left elementor-widget-icon-box wgl-icon-box elementor-view-default divider_yes aleft elementor-widget elementor-widget-wgl-info-box\" data-id=\"7a2e6602\" data-element_type=\"widget\" data-e-type=\"widget\" data-widget_type=\"wgl-info-box.default\">\n\t\t\t\t<div class=\"elementor-widget-container\">\n\t\t\t\t\t<div class=\"wgl-infobox\"><div class=\"wgl-infobox_wrapper elementor-icon-box-wrapper\"><div class=\"wgl-infobox-icon_wrapper elementor-icon-box-icon\"><div class=\"wgl-infobox-icon_container\"><span class=\"wgl-icon elementor-icon elementor-animation-\" ><i class=\"icon fa fa-envelope-open\"><\/i><\/span><\/div><\/div><div class=\"wgl-infobox-content_wrapper elementor-icon-box-content\"><div class=\"wgl-infobox-title_wrapper\"><\/div><div class=\"wgl-infobox_content\"><p>marco.accorinti@irpps.cnr.it<\/p><\/div><\/div><\/div><\/div>\t\t\t\t<\/div>\n\t\t\t\t<\/div>\n\t\t\t\t<div class=\"elementor-element elementor-element-6a316b27 elementor-position-left elementor-widget-icon-box wgl-icon-box elementor-view-default divider_yes aleft elementor-widget elementor-widget-wgl-info-box\" data-id=\"6a316b27\" data-element_type=\"widget\" data-e-type=\"widget\" data-widget_type=\"wgl-info-box.default\">\n\t\t\t\t<div class=\"elementor-widget-container\">\n\t\t\t\t\t<div class=\"wgl-infobox\"><div class=\"wgl-infobox_wrapper elementor-icon-box-wrapper\"><div class=\"wgl-infobox-icon_wrapper elementor-icon-box-icon\"><div class=\"wgl-infobox-icon_container\"><span class=\"wgl-icon elementor-icon elementor-animation-\" ><i class=\"icon fa fa-phone\"><\/i><\/span><\/div><\/div><div class=\"wgl-infobox-content_wrapper elementor-icon-box-content\"><div class=\"wgl-infobox-title_wrapper\"><\/div><div class=\"wgl-infobox_content\"><p>+39 06 492724 274<\/p><\/div><\/div><\/div><\/div>\t\t\t\t<\/div>\n\t\t\t\t<\/div>\n\t\t\t\t<div class=\"elementor-element elementor-element-2473e99 elementor-position-left elementor-widget-icon-box wgl-icon-box elementor-view-default divider_yes aleft elementor-widget elementor-widget-wgl-info-box\" data-id=\"2473e99\" data-element_type=\"widget\" data-e-type=\"widget\" data-widget_type=\"wgl-info-box.default\">\n\t\t\t\t<div class=\"elementor-widget-container\">\n\t\t\t\t\t<div class=\"wgl-infobox\"><div class=\"wgl-infobox_wrapper elementor-icon-box-wrapper\"><div class=\"wgl-infobox-icon_wrapper elementor-icon-box-icon\"><div class=\"wgl-infobox-icon_container\"><span class=\"wgl-icon elementor-icon elementor-animation-\" ><i class=\"icon fa fa-arrow-circle-right\"><\/i><\/span><\/div><\/div><div class=\"wgl-infobox-content_wrapper elementor-icon-box-content\"><div class=\"wgl-infobox-title_wrapper\"><\/div><div class=\"wgl-infobox_content\"><p>Curriculum Vitae<\/p><\/div><\/div><a class=\"wgl-infobox_item_link\" href=\"http:\/\/www.irpps.cnr.it\/wp-content\/uploads\/2021\/12\/CV-Accorinti.pdf\" target=\"_blank\"><\/a><\/div><\/div>\t\t\t\t<\/div>\n\t\t\t\t<\/div>\n\t\t\t\t\t<\/div>\n\t\t<\/div>\n\t\t\t\t<div class=\"elementor-column elementor-col-25 elementor-inner-column elementor-element elementor-element-13abd23b\" data-id=\"13abd23b\" data-element_type=\"column\" data-e-type=\"column\">\n\t\t\t<div class=\"elementor-widget-wrap\">\n\t\t\t\t\t\t\t<\/div>\n\t\t<\/div>\n\t\t\t\t\t<\/div>\n\t\t<\/section>\n\t\t\t\t\t<\/div>\n\t\t<\/div>\n\t\t\t\t\t<\/div>\n\t\t<\/section>\n\t\t\t\t<section class=\"elementor-section elementor-top-section elementor-element elementor-element-6bc968bc elementor-section-content-top elementor-section-full_width elementor-section-height-default elementor-section-height-default\" data-id=\"6bc968bc\" data-element_type=\"section\" data-e-type=\"section\" data-settings=\"{&quot;background_background&quot;:&quot;classic&quot;}\">\n\t\t\t\t\t\t\t<div class=\"elementor-background-overlay\"><\/div>\n\t\t\t\t\t\t\t<div class=\"elementor-container elementor-column-gap-no\">\n\t\t\t\t\t<div class=\"elementor-column elementor-col-100 elementor-top-column elementor-element elementor-element-54ca0f24\" data-id=\"54ca0f24\" data-element_type=\"column\" data-e-type=\"column\">\n\t\t\t<div class=\"elementor-widget-wrap elementor-element-populated\">\n\t\t\t\t\t\t<div class=\"elementor-element elementor-element-12e19b30 elementor-widget elementor-widget-heading\" data-id=\"12e19b30\" data-element_type=\"widget\" data-e-type=\"widget\" data-widget_type=\"heading.default\">\n\t\t\t\t<div class=\"elementor-widget-container\">\n\t\t\t\t\t<h2 class=\"elementor-heading-title elementor-size-default\">Information<\/h2>\t\t\t\t<\/div>\n\t\t\t\t<\/div>\n\t\t\t\t<div class=\"elementor-element elementor-element-1beb9737 elementor-widget-divider--view-line elementor-widget elementor-widget-divider\" data-id=\"1beb9737\" data-element_type=\"widget\" data-e-type=\"widget\" data-widget_type=\"divider.default\">\n\t\t\t\t<div class=\"elementor-widget-container\">\n\t\t\t\t\t\t\t<div class=\"elementor-divider\">\n\t\t\t<span class=\"elementor-divider-separator\">\n\t\t\t\t\t\t<\/span>\n\t\t<\/div>\n\t\t\t\t\t\t<\/div>\n\t\t\t\t<\/div>\n\t\t\t\t<div class=\"elementor-element elementor-element-7b58d50d elementor-widget elementor-widget-text-editor\" data-id=\"7b58d50d\" data-element_type=\"widget\" data-e-type=\"widget\" data-widget_type=\"text-editor.default\">\n\t\t\t\t<div class=\"elementor-widget-container\">\n\t\t\t\t\t\t\t\t\t<p>He has been working for years on social communication, social policies, social planning, welfare systems, evaluation of social services, studies on the Third Sector in its organizational forms, immigration, and other social issues (elderly, disabled). Evaluator and Trainer.<br>Among his positions, he is head of the Research Area &#8220;Evaluation, Training, Social Policies&#8221; at CNR-Irpps, member of the Editorial Board of CNR-Irpps e-Publishing, of the Scientific Committee of the Documentation Center of the Volunteer Service Center of Rome and Lazio, of the Observatory on the reception system at the Ministry of the Interior, of the Scientific Committee of the &#8220;L\u1ec7 Quy\u00ean Ng\u00f4 \u00d0\u00ecnh&#8221; Scholarships of Caritas Rome, of the Thematic Working Group &#8220;Health, healthcare and social assistance&#8221; and of the Thematic Working Group &#8220;Indicators and methodologies for policy evaluation&#8221; of the National Statistical Program \u2013 Sistan. <\/p><p>Lecturer in &#8220;Methodology of Social Work \u2013 Production and Critical Application of Knowledge to Social Interventions&#8221; (SPS\/07) at the Free University of Bolzano. Lecturer in &#8220;Sociology of Change&#8221; (SPS\/07) at Roma Tre University. Lecturer in the Area &#8220;Territory, Environment and Multiculturalism&#8221; (SPS\/10) at Uninettuno Telematic University.  <\/p><p>He has recently published a monograph entitled &#8220;<a href=\"http:\/\/irppsepub.altervista.org\/ojs\/index.php\/mono\/article\/view\/978-88-98822-11-9\">The reception system for international protection beneficiaries in France: evolutionary framework and comparative aspects with Italy<\/a>&#8220;, CNR-IRPPS e-Publishing, Rome;<br>an essay entitled &#8220;<a href=\"http:\/\/www.irpps.cnr.it\/wp-content\/uploads\/2022\/02\/2018_SPRAR.pdf\">Reception and territorial contexts: a combination that creates value<\/a>&#8220;;<br>also noteworthy is &#8220;<em><a href=\"http:\/\/www.volontariato.lazio.it\/documentazione\/documenti\/95579557Vdossier_ottobre2018.pdf\">Building welfare from the bottom up Not only needs, but solutions How volunteer organizations &#8220;save&#8221; cities<\/a><\/em>&#8220;<\/p>\t\t\t\t\t\t\t\t<\/div>\n\t\t\t\t<\/div>\n\t\t\t\t<div class=\"elementor-element elementor-element-158feaa4 elementor-widget elementor-widget-button\" data-id=\"158feaa4\" data-element_type=\"widget\" data-e-type=\"widget\" data-widget_type=\"button.default\">\n\t\t\t\t<div class=\"elementor-widget-container\">\n\t\t\t\t\t\t\t\t\t<div class=\"elementor-button-wrapper\">\n\t\t\t\t\t<a class=\"elementor-button elementor-button-link elementor-size-sm\" href=\"http:\/\/site.irpps.cnr.it\/wp-content\/uploads\/2021\/12\/Pubblicazioni-Accorinti.pdf\" target=\"_blank\">\n\t\t\t\t\t\t<span class=\"elementor-button-content-wrapper\">\n\t\t\t\t\t\t\t\t\t<span class=\"elementor-button-text\">Publications<\/span>\n\t\t\t\t\t<\/span>\n\t\t\t\t\t<\/a>\n\t\t\t\t<\/div>\n\t\t\t\t\t\t\t\t<\/div>\n\t\t\t\t<\/div>\n\t\t\t\t\t<\/div>\n\t\t<\/div>\n\t\t\t\t\t<\/div>\n\t\t<\/section>\n\t\t\t\t<\/div>\n\t\t","protected":false},"excerpt":{"rendered":"<p>Marco Accorinti He has been working for years on social communication, social policies, social planning, welfare systems, evaluation of social services, studies on the Third Sector in its organizational forms, immigration, and other social issues (elderly, disabled). Rome marco.accorinti@irpps.cnr.it +39 06 492724 274 Curriculum Vitae Information He has been working for years on social communication, [&hellip;]<\/p>\n","protected":false},"author":3,"featured_media":0,"parent":0,"menu_order":0,"comment_status":"closed","ping_status":"closed","template":"","meta":{"footnotes":""},"categories":[],"tags":[],"class_list":["post-30682","page","type-page","status-publish","hentry"],"_links":{"self":[{"href":"https:\/\/www.irpps.cnr.it\/en\/wp-json\/wp\/v2\/pages\/30682","targetHints":{"allow":["GET"]}}],"collection":[{"href":"https:\/\/www.irpps.cnr.it\/en\/wp-json\/wp\/v2\/pages"}],"about":[{"href":"https:\/\/www.irpps.cnr.it\/en\/wp-json\/wp\/v2\/types\/page"}],"author":[{"embeddable":true,"href":"https:\/\/www.irpps.cnr.it\/en\/wp-json\/wp\/v2\/users\/3"}],"replies":[{"embeddable":true,"href":"https:\/\/www.irpps.cnr.it\/en\/wp-json\/wp\/v2\/comments?post=30682"}],"version-history":[{"count":1,"href":"https:\/\/www.irpps.cnr.it\/en\/wp-json\/wp\/v2\/pages\/30682\/revisions"}],"predecessor-version":[{"id":30685,"href":"https:\/\/www.irpps.cnr.it\/en\/wp-json\/wp\/v2\/pages\/30682\/revisions\/30685"}],"wp:attachment":[{"href":"https:\/\/www.irpps.cnr.it\/en\/wp-json\/wp\/v2\/media?parent=30682"}],"wp:term":[{"taxonomy":"category","embeddable":true,"href":"https:\/\/www.irpps.cnr.it\/en\/wp-json\/wp\/v2\/categories?post=30682"},{"taxonomy":"post_tag","embeddable":true,"href":"https:\/\/www.irpps.cnr.it\/en\/wp-json\/wp\/v2\/tags?post=30682"}],"curies":[{"name":"wp","href":"https:\/\/api.w.org\/{rel}","templated":true}]}}