{"id":31361,"date":"2023-09-20T08:53:53","date_gmt":"2023-09-20T08:53:53","guid":{"rendered":"https:\/\/www.irpps.cnr.it\/cloe-mirenda\/"},"modified":"2026-03-02T11:52:53","modified_gmt":"2026-03-02T11:52:53","slug":"cloe-mirenda","status":"publish","type":"page","link":"https:\/\/www.irpps.cnr.it\/en\/cloe-mirenda\/","title":{"rendered":"Cloe Mirenda"},"content":{"rendered":"\t\t<div data-elementor-type=\"wp-page\" data-elementor-id=\"31361\" class=\"elementor elementor-31361 elementor-23682\" data-elementor-post-type=\"page\">\n\t\t\t\t\t\t<section class=\"elementor-section elementor-top-section elementor-element elementor-element-5ab724ca elementor-section-content-middle elementor-section-full_width elementor-section-height-default elementor-section-height-default\" data-id=\"5ab724ca\" data-element_type=\"section\" data-e-type=\"section\" data-settings=\"{&quot;background_background&quot;:&quot;classic&quot;}\">\n\t\t\t\t\t\t\t<div class=\"elementor-background-overlay\"><\/div>\n\t\t\t\t\t\t\t<div class=\"elementor-container elementor-column-gap-no\">\n\t\t\t\t\t<div class=\"elementor-column elementor-col-100 elementor-top-column elementor-element elementor-element-4a6e1c18\" data-id=\"4a6e1c18\" data-element_type=\"column\" data-e-type=\"column\" data-settings=\"{&quot;background_background&quot;:&quot;classic&quot;}\">\n\t\t\t<div class=\"elementor-widget-wrap elementor-element-populated\">\n\t\t\t\t\t\t<section class=\"elementor-section elementor-inner-section elementor-element elementor-element-19a5293b elementor-section-content-middle elementor-section-full_width elementor-section-height-default elementor-section-height-default\" data-id=\"19a5293b\" data-element_type=\"section\" data-e-type=\"section\">\n\t\t\t\t\t\t<div class=\"elementor-container elementor-column-gap-no\">\n\t\t\t\t\t<div class=\"elementor-column elementor-col-25 elementor-inner-column elementor-element elementor-element-12791887\" data-id=\"12791887\" data-element_type=\"column\" data-e-type=\"column\">\n\t\t\t<div class=\"elementor-widget-wrap\">\n\t\t\t\t\t\t\t<\/div>\n\t\t<\/div>\n\t\t\t\t<div class=\"elementor-column elementor-col-25 elementor-inner-column elementor-element elementor-element-4987a83e\" data-id=\"4987a83e\" data-element_type=\"column\" data-e-type=\"column\">\n\t\t\t<div class=\"elementor-widget-wrap elementor-element-populated\">\n\t\t\t\t\t\t<div class=\"elementor-element elementor-element-16f23029 elementor-widget elementor-widget-image\" data-id=\"16f23029\" data-element_type=\"widget\" data-e-type=\"widget\" data-widget_type=\"image.default\">\n\t\t\t\t<div class=\"elementor-widget-container\">\n\t\t\t\t\t\t\t\t\t\t\t\t\t\t\t<img fetchpriority=\"high\" decoding=\"async\" width=\"768\" height=\"1024\" src=\"https:\/\/www.irpps.cnr.it\/wp-content\/uploads\/2024\/01\/Foto_Mirenda_BN-768x1024.jpg\" class=\"attachment-medium_large size-medium_large wp-image-31363\" alt=\"\" srcset=\"https:\/\/www.irpps.cnr.it\/wp-content\/uploads\/2024\/01\/Foto_Mirenda_BN-768x1024.jpg 768w, https:\/\/www.irpps.cnr.it\/wp-content\/uploads\/2024\/01\/Foto_Mirenda_BN-225x300.jpg 225w, https:\/\/www.irpps.cnr.it\/wp-content\/uploads\/2024\/01\/Foto_Mirenda_BN-1152x1536.jpg 1152w, https:\/\/www.irpps.cnr.it\/wp-content\/uploads\/2024\/01\/Foto_Mirenda_BN-1536x2048.jpg 1536w, https:\/\/www.irpps.cnr.it\/wp-content\/uploads\/2024\/01\/Foto_Mirenda_BN-scaled.jpg 1920w\" sizes=\"(max-width: 768px) 100vw, 768px\" \/>\t\t\t\t\t\t\t\t\t\t\t\t\t\t\t<\/div>\n\t\t\t\t<\/div>\n\t\t\t\t\t<\/div>\n\t\t<\/div>\n\t\t\t\t<div class=\"elementor-column elementor-col-25 elementor-inner-column elementor-element elementor-element-408de22a\" data-id=\"408de22a\" data-element_type=\"column\" data-e-type=\"column\">\n\t\t\t<div class=\"elementor-widget-wrap elementor-element-populated\">\n\t\t\t\t\t\t<div class=\"elementor-element elementor-element-2fa1fc9d elementor-widget elementor-widget-heading\" data-id=\"2fa1fc9d\" data-element_type=\"widget\" data-e-type=\"widget\" data-widget_type=\"heading.default\">\n\t\t\t\t<div class=\"elementor-widget-container\">\n\t\t\t\t\t<h3 class=\"elementor-heading-title elementor-size-default\">Cloe Mirenda<\/h3>\t\t\t\t<\/div>\n\t\t\t\t<\/div>\n\t\t\t\t<div class=\"elementor-element elementor-element-493923ae elementor-widget elementor-widget-text-editor\" data-id=\"493923ae\" data-element_type=\"widget\" data-e-type=\"widget\" data-widget_type=\"text-editor.default\">\n\t\t\t\t<div class=\"elementor-widget-container\">\n\t\t\t\t\t\t\t\t\t<p style=\"text-align: left;\">Anthropologist, IRPPS Researcher<\/p><p style=\"text-align: left;\">She collaborates on the European project <a href=\"https:\/\/cordis.europa.eu\/project\/id\/101094326\">gEneSys<\/a> \u2013 Transforming Gendered Interrelations of Power and Inequalities in Transition Pathways to Sustainable Energy Systems<em>, <\/em>focusing on the social and gender aspects of the energy transition.<\/p>\t\t\t\t\t\t\t\t<\/div>\n\t\t\t\t<\/div>\n\t\t\t\t<div class=\"elementor-element elementor-element-287fd120 elementor-position-left elementor-widget-icon-box wgl-icon-box elementor-view-default divider_yes aleft elementor-widget elementor-widget-wgl-info-box\" data-id=\"287fd120\" data-element_type=\"widget\" data-e-type=\"widget\" data-widget_type=\"wgl-info-box.default\">\n\t\t\t\t<div class=\"elementor-widget-container\">\n\t\t\t\t\t<div class=\"wgl-infobox\"><div class=\"wgl-infobox_wrapper elementor-icon-box-wrapper\"><div class=\"wgl-infobox-icon_wrapper elementor-icon-box-icon\"><div class=\"wgl-infobox-icon_container\"><span class=\"wgl-icon elementor-icon elementor-animation-\" ><i class=\"icon fa fa-map-marker\"><\/i><\/span><\/div><\/div><div class=\"wgl-infobox-content_wrapper elementor-icon-box-content\"><div class=\"wgl-infobox-title_wrapper\"><\/div><div class=\"wgl-infobox_content\"><p>Rome<\/p><\/div><\/div><\/div><\/div>\t\t\t\t<\/div>\n\t\t\t\t<\/div>\n\t\t\t\t<div class=\"elementor-element elementor-element-92e9e08 elementor-position-left elementor-widget-icon-box wgl-icon-box elementor-view-default divider_yes aleft elementor-widget elementor-widget-wgl-info-box\" data-id=\"92e9e08\" data-element_type=\"widget\" data-e-type=\"widget\" data-widget_type=\"wgl-info-box.default\">\n\t\t\t\t<div class=\"elementor-widget-container\">\n\t\t\t\t\t<div class=\"wgl-infobox\"><div class=\"wgl-infobox_wrapper elementor-icon-box-wrapper\"><div class=\"wgl-infobox-icon_wrapper elementor-icon-box-icon\"><div class=\"wgl-infobox-icon_container\"><span class=\"wgl-icon elementor-icon elementor-animation-\" ><i class=\"icon fa fa-envelope-open\"><\/i><\/span><\/div><\/div><div class=\"wgl-infobox-content_wrapper elementor-icon-box-content\"><div class=\"wgl-infobox-title_wrapper\"><\/div><div class=\"wgl-infobox_content\"><p>cloe.mirenda@irpps.cnr.it <\/p><\/div><\/div><\/div><\/div>\t\t\t\t<\/div>\n\t\t\t\t<\/div>\n\t\t\t\t<div class=\"elementor-element elementor-element-58bb144b elementor-position-left elementor-widget-icon-box wgl-icon-box elementor-view-default divider_yes aleft elementor-widget elementor-widget-wgl-info-box\" data-id=\"58bb144b\" data-element_type=\"widget\" data-e-type=\"widget\" data-widget_type=\"wgl-info-box.default\">\n\t\t\t\t<div class=\"elementor-widget-container\">\n\t\t\t\t\t<div class=\"wgl-infobox\"><div class=\"wgl-infobox_wrapper elementor-icon-box-wrapper\"><div class=\"wgl-infobox-icon_wrapper elementor-icon-box-icon\"><div class=\"wgl-infobox-icon_container\"><span class=\"wgl-icon elementor-icon elementor-animation-\" ><i class=\"icon fa fa-arrow-circle-right\"><\/i><\/span><\/div><\/div><div class=\"wgl-infobox-content_wrapper elementor-icon-box-content\"><div class=\"wgl-infobox-title_wrapper\"><\/div><div class=\"wgl-infobox_content\"><p><a href=\"https:\/\/www.irpps.cnr.it\/wp-content\/uploads\/2024\/01\/CV_Mirenda_ITA_30.10.2023.pdf\">Curriculum Vitae<\/a><\/p><\/div><\/div><\/div><\/div>\t\t\t\t<\/div>\n\t\t\t\t<\/div>\n\t\t\t\t\t<\/div>\n\t\t<\/div>\n\t\t\t\t<div class=\"elementor-column elementor-col-25 elementor-inner-column elementor-element elementor-element-764212fc\" data-id=\"764212fc\" data-element_type=\"column\" data-e-type=\"column\">\n\t\t\t<div class=\"elementor-widget-wrap\">\n\t\t\t\t\t\t\t<\/div>\n\t\t<\/div>\n\t\t\t\t\t<\/div>\n\t\t<\/section>\n\t\t\t\t\t<\/div>\n\t\t<\/div>\n\t\t\t\t\t<\/div>\n\t\t<\/section>\n\t\t\t\t<section class=\"elementor-section elementor-top-section elementor-element elementor-element-3b329404 elementor-section-content-top elementor-section-full_width elementor-section-height-default elementor-section-height-default\" data-id=\"3b329404\" data-element_type=\"section\" data-e-type=\"section\" data-settings=\"{&quot;background_background&quot;:&quot;classic&quot;}\">\n\t\t\t\t\t\t\t<div class=\"elementor-background-overlay\"><\/div>\n\t\t\t\t\t\t\t<div class=\"elementor-container elementor-column-gap-no\">\n\t\t\t\t\t<div class=\"elementor-column elementor-col-100 elementor-top-column elementor-element elementor-element-2c9db435\" data-id=\"2c9db435\" data-element_type=\"column\" data-e-type=\"column\">\n\t\t\t<div class=\"elementor-widget-wrap elementor-element-populated\">\n\t\t\t\t\t\t<div class=\"elementor-element elementor-element-ce9f701 elementor-widget elementor-widget-heading\" data-id=\"ce9f701\" data-element_type=\"widget\" data-e-type=\"widget\" data-widget_type=\"heading.default\">\n\t\t\t\t<div class=\"elementor-widget-container\">\n\t\t\t\t\t<h2 class=\"elementor-heading-title elementor-size-default\">Information<\/h2>\t\t\t\t<\/div>\n\t\t\t\t<\/div>\n\t\t\t\t<div class=\"elementor-element elementor-element-48a2873e elementor-widget-divider--view-line elementor-widget elementor-widget-divider\" data-id=\"48a2873e\" data-element_type=\"widget\" data-e-type=\"widget\" data-widget_type=\"divider.default\">\n\t\t\t\t<div class=\"elementor-widget-container\">\n\t\t\t\t\t\t\t<div class=\"elementor-divider\">\n\t\t\t<span class=\"elementor-divider-separator\">\n\t\t\t\t\t\t<\/span>\n\t\t<\/div>\n\t\t\t\t\t\t<\/div>\n\t\t\t\t<\/div>\n\t\t\t\t<div class=\"elementor-element elementor-element-7519943a elementor-widget elementor-widget-text-editor\" data-id=\"7519943a\" data-element_type=\"widget\" data-e-type=\"widget\" data-widget_type=\"text-editor.default\">\n\t\t\t\t<div class=\"elementor-widget-container\">\n\t\t\t\t\t\t\t\t\t<p style=\"text-align: left;\">She previously earned a PhD in <a href=\"https:\/\/sostenibilidad.posgrado.unam.mx\/posgrado\/\">Sustainability Sciences<\/a> from the National Autonomous University of Mexico (UNAM), focusing on climate change vulnerability and gender inequalities. At this university, she was a member of the research project &#8220;Threats and vulnerability in the Mexican rural world: loss of agrobiodiversity and seeds, youth migration, and climate change.&#8221; <\/p><p style=\"text-align: left;\">As a member of the <a href=\"https:\/\/meim.digilab.uniroma1.it\/\">Italian Ethnological Mission in Mexico<\/a>, she specialized in medical anthropology, working on the relationship between domestic violence and health services in the State of Chiapas. She currently conducts research on the gender dimension of sustainability, particularly regarding climate change and energy transition. <\/p><p style=\"text-align: left;\">She has collaborated with and provided consultancy for various foundations, associations, and cooperatives in Italy and several Latin American countries.<\/p><ul><li style=\"text-align: left;\">ORCID: <a href=\"https:\/\/orcid.org\/0000-0002-5295-0409\">https:\/\/orcid.org\/0000-0002-5295-0409<\/a><\/li><li style=\"text-align: left;\">Academia.edu: <a href=\"https:\/\/unam.academia.edu\/CloeMirenda\">https:\/\/unam.academia.edu\/CloeMirenda<\/a><\/li><li style=\"text-align: left;\">LinkedIn: <a href=\"https:\/\/www.linkedin.com\/in\/cloe-mirenda-602996218\/\">https:\/\/www.linkedin.com\/in\/cloe-mirenda-602996218\/<\/a><\/li><\/ul>\t\t\t\t\t\t\t\t<\/div>\n\t\t\t\t<\/div>\n\t\t\t\t\t<\/div>\n\t\t<\/div>\n\t\t\t\t\t<\/div>\n\t\t<\/section>\n\t\t\t\t<section class=\"elementor-section elementor-top-section elementor-element elementor-element-68db28e4 elementor-section-content-top elementor-section-full_width elementor-section-height-default elementor-section-height-default\" data-id=\"68db28e4\" data-element_type=\"section\" data-e-type=\"section\" data-settings=\"{&quot;background_background&quot;:&quot;classic&quot;}\">\n\t\t\t\t\t\t\t<div class=\"elementor-background-overlay\"><\/div>\n\t\t\t\t\t\t\t<div class=\"elementor-container elementor-column-gap-no\">\n\t\t\t\t\t<div class=\"elementor-column elementor-col-100 elementor-top-column elementor-element elementor-element-686877fe\" data-id=\"686877fe\" data-element_type=\"column\" data-e-type=\"column\" data-settings=\"{&quot;background_background&quot;:&quot;classic&quot;}\">\n\t\t\t<div class=\"elementor-widget-wrap elementor-element-populated\">\n\t\t\t\t\t\t<div class=\"elementor-element elementor-element-6271400b elementor-widget elementor-widget-heading\" data-id=\"6271400b\" data-element_type=\"widget\" data-e-type=\"widget\" data-widget_type=\"heading.default\">\n\t\t\t\t<div class=\"elementor-widget-container\">\n\t\t\t\t\t<h2 class=\"elementor-heading-title elementor-size-default\">Publications<\/h2>\t\t\t\t<\/div>\n\t\t\t\t<\/div>\n\t\t\t\t<div class=\"elementor-element elementor-element-27d1afb1 elementor-widget-divider--view-line elementor-widget elementor-widget-divider\" data-id=\"27d1afb1\" data-element_type=\"widget\" data-e-type=\"widget\" data-widget_type=\"divider.default\">\n\t\t\t\t<div class=\"elementor-widget-container\">\n\t\t\t\t\t\t\t<div class=\"elementor-divider\">\n\t\t\t<span class=\"elementor-divider-separator\">\n\t\t\t\t\t\t<\/span>\n\t\t<\/div>\n\t\t\t\t\t\t<\/div>\n\t\t\t\t<\/div>\n\t\t\t\t<div class=\"elementor-element elementor-element-317736d7 elementor-widget elementor-widget-text-editor\" data-id=\"317736d7\" data-element_type=\"widget\" data-e-type=\"widget\" data-widget_type=\"text-editor.default\">\n\t\t\t\t<div class=\"elementor-widget-container\">\n\t\t\t\t\t\t\t\t\t<p style=\"text-align: left;\">Mirenda C. and Lazos Chavero E., \u201cGender Inequity Related to Climate Risks: cultural vulnerabilities as obstacles to sustainability in rural communities of Mexico\u201d, in Skjerven A. and Fordham M. (eds.), <em>Gender and Sustainable Development Goals: Infrastructure, Empowerment and Education<\/em>, ISDRS International Sustainable Development Research Society series, Routledge, Taylor and Francis Group, London, 2023.<\/p><p style=\"text-align: left;\">Mirenda C., \u201cDe la vulnerabilidad a la creaci\u00f3n de capacidades frente a la crisis clim\u00e1tica. Experiencias participativas en clave de gender en la Costa Sur de Jalisco\u201d, in Poma A. and Gravante T., <em>Generando Conciencia sobre el cambio clim\u00e1tico. Nuevas miradas desde M\u00e9xico, <\/em>Institute for Social Research, UNAM, Mexico, 2022.<\/p><p style=\"text-align: left;\">Mirenda C. and Lazos Chavero E., \u201cCultural vulnerability, risk reduction and gender equity: two coastal communities of Jalisco, Mexico\u201d, <em>Environmental Hazards<\/em>, 2021. <a href=\"http:\/\/doi.org\/10.1080\/17477891.2021.1945996\">doi.org\/10.1080\/17477891.2021.1945996<\/a><\/p><p style=\"text-align: left;\">Lazos Chavero E. and Mirenda C., \u201cLa seguridad alimentaria en la pol\u00edtica mexicana de cambio clim\u00e1tico. Desigualdades desde la perspectiva de g\u00e9nero e ind\u00edgena\u201d, in Solorio I. (ed.), <em>M\u00e9xico ante la encrucijada de la gobernanza clim\u00e1tica<\/em>, UNAM, Mexico, 2021.<\/p><p style=\"text-align: left;\">Mirenda C., \u201cPercepciones del cambio clim\u00e1tico en perspectiva de g\u00e9nero en Jalisco, Mexico\u201d, <em>Letras Verdes. Revista Latinoamericana de Estudios Socioambientales<\/em>, 28, pp. 31-48, 2020. <a href=\"http:\/\/doi.org\/10.17141\/letrasverdes.28.2020.4307\">doi.org\/10.17141\/letrasverdes.28.2020.4307<\/a><\/p><p style=\"text-align: left;\">Mirenda C., \u201cLa atm\u00f3sfera como bien com\u00fan global: herramientas anal\u00edticas para la justicia clim\u00e1tica en Am\u00e9rica Latina\u201d, in Lazos Chavero E. (ed.), <em>Retos Latinoamericanos en la lucha por los comunes. Historias a compartir<\/em>, CLACSO, Buenos Aires, pp. 185-206, 2020.<\/p><p style=\"text-align: left;\">Mirenda C., Lazos Chavero E., \u201cMiradas cr\u00edticas de los paradigmas normativos de adaptaci\u00f3n y resiliencia en los discursos de cambio clim\u00e1tico\u201d, in Avzaradel P. C. S., Parola G. (eds.), <em>Cambios Clim\u00e1ticos, Tratados Ambientales, Constituciones y Derechos Humanos<\/em>, Multifoco, Brazil, 2018.<\/p>\t\t\t\t\t\t\t\t<\/div>\n\t\t\t\t<\/div>\n\t\t\t\t\t<\/div>\n\t\t<\/div>\n\t\t\t\t\t<\/div>\n\t\t<\/section>\n\t\t\t\t<\/div>\n\t\t","protected":false},"excerpt":{"rendered":"<p>Cloe Mirenda Anthropologist, IRPPS Researcher She collaborates on the European project gEneSys \u2013 Transforming Gendered Interrelations of Power and Inequalities in Transition Pathways to Sustainable Energy Systems, focusing on the social and gender aspects of the energy transition. Rome cloe.mirenda@irpps.cnr.it Curriculum Vitae Information She previously earned a PhD in Sustainability Sciences from the National Autonomous [&hellip;]<\/p>\n","protected":false},"author":4,"featured_media":0,"parent":0,"menu_order":0,"comment_status":"closed","ping_status":"closed","template":"","meta":{"footnotes":""},"categories":[],"tags":[],"class_list":["post-31361","page","type-page","status-publish","hentry"],"_links":{"self":[{"href":"https:\/\/www.irpps.cnr.it\/en\/wp-json\/wp\/v2\/pages\/31361","targetHints":{"allow":["GET"]}}],"collection":[{"href":"https:\/\/www.irpps.cnr.it\/en\/wp-json\/wp\/v2\/pages"}],"about":[{"href":"https:\/\/www.irpps.cnr.it\/en\/wp-json\/wp\/v2\/types\/page"}],"author":[{"embeddable":true,"href":"https:\/\/www.irpps.cnr.it\/en\/wp-json\/wp\/v2\/users\/4"}],"replies":[{"embeddable":true,"href":"https:\/\/www.irpps.cnr.it\/en\/wp-json\/wp\/v2\/comments?post=31361"}],"version-history":[{"count":1,"href":"https:\/\/www.irpps.cnr.it\/en\/wp-json\/wp\/v2\/pages\/31361\/revisions"}],"predecessor-version":[{"id":31365,"href":"https:\/\/www.irpps.cnr.it\/en\/wp-json\/wp\/v2\/pages\/31361\/revisions\/31365"}],"wp:attachment":[{"href":"https:\/\/www.irpps.cnr.it\/en\/wp-json\/wp\/v2\/media?parent=31361"}],"wp:term":[{"taxonomy":"category","embeddable":true,"href":"https:\/\/www.irpps.cnr.it\/en\/wp-json\/wp\/v2\/categories?post=31361"},{"taxonomy":"post_tag","embeddable":true,"href":"https:\/\/www.irpps.cnr.it\/en\/wp-json\/wp\/v2\/tags?post=31361"}],"curies":[{"name":"wp","href":"https:\/\/api.w.org\/{rel}","templated":true}]}}