{"id":32973,"date":"2021-11-23T07:20:53","date_gmt":"2021-11-23T07:20:53","guid":{"rendered":"https:\/\/www.irpps.cnr.it\/openup\/"},"modified":"2026-03-02T13:02:19","modified_gmt":"2026-03-02T13:02:19","slug":"openup","status":"publish","type":"page","link":"https:\/\/www.irpps.cnr.it\/en\/openup\/","title":{"rendered":"OpenUP"},"content":{"rendered":"\t\t<div data-elementor-type=\"wp-page\" data-elementor-id=\"32973\" class=\"elementor elementor-32973 elementor-2605\" data-elementor-post-type=\"page\">\n\t\t\t\t\t\t<section class=\"elementor-section elementor-top-section elementor-element elementor-element-4d0d050f elementor-section-full_width elementor-section-height-default elementor-section-height-default\" data-id=\"4d0d050f\" data-element_type=\"section\" data-e-type=\"section\" data-settings=\"{&quot;background_background&quot;:&quot;classic&quot;}\">\n\t\t\t\t\t\t<div class=\"elementor-container elementor-column-gap-default\">\n\t\t\t\t\t<div class=\"elementor-column elementor-col-100 elementor-top-column elementor-element elementor-element-26fe8fa\" data-id=\"26fe8fa\" data-element_type=\"column\" data-e-type=\"column\">\n\t\t\t<div class=\"elementor-widget-wrap\">\n\t\t\t\t\t\t\t<\/div>\n\t\t<\/div>\n\t\t\t\t\t<\/div>\n\t\t<\/section>\n\t\t\t\t<section class=\"elementor-section elementor-top-section elementor-element elementor-element-44da3b85 elementor-section-full_width elementor-section-height-default elementor-section-height-default\" data-id=\"44da3b85\" data-element_type=\"section\" data-e-type=\"section\" data-settings=\"{&quot;background_background&quot;:&quot;classic&quot;}\">\n\t\t\t\t\t\t<div class=\"elementor-container elementor-column-gap-default\">\n\t\t\t\t\t<div class=\"elementor-column elementor-col-100 elementor-top-column elementor-element elementor-element-ab4fe0b\" data-id=\"ab4fe0b\" data-element_type=\"column\" data-e-type=\"column\" data-settings=\"{&quot;background_background&quot;:&quot;classic&quot;}\">\n\t\t\t<div class=\"elementor-widget-wrap elementor-element-populated\">\n\t\t\t\t\t\t<div class=\"elementor-element elementor-element-42079b84 elementor-invisible elementor-widget elementor-widget-heading\" data-id=\"42079b84\" data-element_type=\"widget\" data-e-type=\"widget\" data-settings=\"{&quot;_animation&quot;:&quot;fadeIn&quot;}\" data-widget_type=\"heading.default\">\n\t\t\t\t<div class=\"elementor-widget-container\">\n\t\t\t\t\t<h3 class=\"elementor-heading-title elementor-size-default\">OpenUP \u2013 OPENing UP new methods, indicators and tools for peer review, impact measurement and dissemination of research results<\/h3>\t\t\t\t<\/div>\n\t\t\t\t<\/div>\n\t\t\t\t\t<\/div>\n\t\t<\/div>\n\t\t\t\t\t<\/div>\n\t\t<\/section>\n\t\t\t\t<section class=\"elementor-section elementor-top-section elementor-element elementor-element-47adff49 elementor-section-full_width elementor-section-height-default elementor-section-height-default\" data-id=\"47adff49\" data-element_type=\"section\" data-e-type=\"section\" data-settings=\"{&quot;background_background&quot;:&quot;classic&quot;}\">\n\t\t\t\t\t\t<div class=\"elementor-container elementor-column-gap-default\">\n\t\t\t\t\t<div class=\"elementor-column elementor-col-100 elementor-top-column elementor-element elementor-element-1cdb6ce4\" data-id=\"1cdb6ce4\" data-element_type=\"column\" data-e-type=\"column\">\n\t\t\t<div class=\"elementor-widget-wrap\">\n\t\t\t\t\t\t\t<\/div>\n\t\t<\/div>\n\t\t\t\t\t<\/div>\n\t\t<\/section>\n\t\t\t\t<section class=\"elementor-section elementor-top-section elementor-element elementor-element-62c9d0f7 elementor-section-full_width elementor-section-height-default elementor-section-height-default\" data-id=\"62c9d0f7\" data-element_type=\"section\" data-e-type=\"section\" data-settings=\"{&quot;background_background&quot;:&quot;classic&quot;}\">\n\t\t\t\t\t\t<div class=\"elementor-container elementor-column-gap-default\">\n\t\t\t\t\t<div class=\"elementor-column elementor-col-50 elementor-top-column elementor-element elementor-element-6819fb95\" data-id=\"6819fb95\" data-element_type=\"column\" data-e-type=\"column\" data-settings=\"{&quot;background_background&quot;:&quot;classic&quot;}\">\n\t\t\t<div class=\"elementor-widget-wrap elementor-element-populated\">\n\t\t\t\t\t\t<div class=\"elementor-element elementor-element-487b7609 elementor-widget elementor-widget-text-editor\" data-id=\"487b7609\" data-element_type=\"widget\" data-e-type=\"widget\" data-widget_type=\"text-editor.default\">\n\t\t\t\t<div class=\"elementor-widget-container\">\n\t\t\t\t\t\t\t\t\t<div class=\"vc_row vc_row-fluid\"><div class=\"fullwidth vc_column_counter_1\"><div class=\"wpb_wrapper\"><div class=\"wpb_text_column wpb_content_element \"><div class=\"wpb_wrapper\"><p><img decoding=\"async\" class=\"size-full wp-image-11138 alignleft\" src=\"http:\/\/www.irpps.cnr.it\/wp-content\/uploads\/2022\/02\/logo-open-up.png\" alt=\"\" width=\"300\" height=\"69\" srcset=\"https:\/\/www.irpps.cnr.it\/wp-content\/uploads\/2022\/02\/logo-open-up.png 300w, https:\/\/www.irpps.cnr.it\/wp-content\/uploads\/2022\/02\/logo-open-up-18x4.png 18w\" sizes=\"(max-width: 300px) 100vw, 300px\" \/><\/p><\/div><\/div><\/div><\/div><\/div><div class=\"vc_row vc_row-fluid\"><div class=\"content vc_column_counter_2\"><div class=\"wpb_wrapper\"><div class=\"wpb_text_column wpb_content_element \"><div class=\"wpb_wrapper\"><p>OpenUP (OPENing UP new methods, indicators and tools for peer review, dissemination of research results, and impact measurement) is a European project funded by the Horizon2020 program, which aims to analyze the transformations in the current scientific research landscape in order to 1) identify innovative mechanisms, processes and tools for peer review applied to all research outputs (publications, software and data), 2) explore effective innovative dissemination mechanisms for businesses, industry, the education sector and society as a whole, and 3) analyze a set of new indicators (altmetrics) that assess the impact of research results by linking them to dissemination channels.  <\/p><p>OpenUp employs a user-centered methodology. This methodological approach not only involves all stakeholders (researchers, publishers, research funding bodies, institutions, industry and the general public) in a series of workshops, conferences and training courses, but also aims to test the acquired results in a set of pilot studies. The latter are connected to the three pillars of the project (peer review, dissemination of results and innovative impact measurement) and are applied to specific research communities and sectors: humanities, social sciences, energy and life sciences.  <\/p><p>IRPPS-CNR participates in the research activities of WP4 on the innovative dissemination of scientific research outputs and in those of WP6, where it is responsible for conducting a pilot study on open peer review of data in the social sciences<\/p><\/div><\/div><\/div><\/div><\/div><div class=\"vc_row vc_row-fluid\"><div class=\"sidebar sidebar-builder widget-area vc_column_counter_1\"><div class=\"wpb_wrapper\"><div class=\"wpb_text_column wpb_content_element \"><div class=\"wpb_wrapper\"><p><strong>Participants:<\/strong><\/p><\/div><\/div><\/div><\/div><div class=\"content vc_column_counter_2\"><div class=\"wpb_wrapper\"><div class=\"wpb_text_column wpb_content_element \"><div class=\"wpb_wrapper\"><p>Sveva Avveduto, Rosa Di Cesare, Lucio Pisacane and Roberta Ruggieri.<\/p><\/div><\/div><\/div><\/div><\/div><div class=\"vc_row vc_row-fluid\"><div class=\"sidebar sidebar-builder widget-area vc_column_counter_1\"><div class=\"wpb_wrapper\"><div class=\"wpb_text_column wpb_content_element \"><div class=\"wpb_wrapper\"><p><strong>Documentation:<\/strong><\/p><\/div><\/div><\/div><\/div><div class=\"content vc_column_counter_2\"><div class=\"wpb_wrapper\"><div class=\"wpb_text_column wpb_content_element \"><div class=\"wpb_wrapper\"><p><a href=\"http:\/\/www.irpps.cnr.it\/wp-content\/uploads\/2017\/02\/poster_science20_new.pdf\">Project poster<\/a><\/p><\/div><\/div><\/div><\/div><\/div><div class=\"vc_row vc_row-fluid\"><div class=\"sidebar sidebar-builder widget-area vc_column_counter_1\"><div class=\"wpb_wrapper\"><div class=\"wpb_text_column wpb_content_element \"><div class=\"wpb_wrapper\"><p><strong>Research outputs:<\/strong><\/p><\/div><\/div><\/div><\/div><div class=\"content vc_column_counter_2\"><div class=\"wpb_wrapper\"><div class=\"wpb_text_column wpb_content_element \"><div class=\"wpb_wrapper\"><p>Edit G\u00f6r\u00f6gh, Michela Vignoli, Stephan Gauch, Clemens Bl\u00fcmel, Peter Kraker, Daniela Luzi, Mappet Walker, Eleni Toli, Electra Sifacak. Opening up new channels for scholarly review, dissemination, and assessment. OpenSym &#8217;17 Proceedings of the 13th International Symposium on Open Collaboration Article No. 6. ISBN: 978-1-4503-5187-4 doi&gt;10.1145\/3125433.3125452   &lt;<br>Daniela Luzi, Roberta Ruggieri, Lucio Pisacane, Rosa Di Cesare. Towards an (open) peer review of data: a pilot study in the social sciences. III annual conference: open science and research integrity, Milan, November 9-10, 2017.  <\/p><\/div><\/div><\/div><\/div><\/div>\t\t\t\t\t\t\t\t<\/div>\n\t\t\t\t<\/div>\n\t\t\t\t\t<\/div>\n\t\t<\/div>\n\t\t\t\t<div class=\"elementor-column elementor-col-50 elementor-top-column elementor-element elementor-element-7aed8df5\" data-id=\"7aed8df5\" data-element_type=\"column\" data-e-type=\"column\">\n\t\t\t<div class=\"elementor-widget-wrap elementor-element-populated\">\n\t\t\t\t\t\t<div class=\"elementor-element elementor-element-35dedb55 elementor-widget elementor-widget-heading\" data-id=\"35dedb55\" data-element_type=\"widget\" data-e-type=\"widget\" data-widget_type=\"heading.default\">\n\t\t\t\t<div class=\"elementor-widget-container\">\n\t\t\t\t\t<h2 class=\"elementor-heading-title elementor-size-default\">Participants<\/h2>\t\t\t\t<\/div>\n\t\t\t\t<\/div>\n\t\t\t\t<div class=\"elementor-element elementor-element-6befdbba elementor-align-left elementor-widget elementor-widget-button\" data-id=\"6befdbba\" data-element_type=\"widget\" data-e-type=\"widget\" data-widget_type=\"button.default\">\n\t\t\t\t<div class=\"elementor-widget-container\">\n\t\t\t\t\t\t\t\t\t<div class=\"elementor-button-wrapper\">\n\t\t\t\t\t<a class=\"elementor-button elementor-button-link elementor-size-sm\" href=\"https:\/\/www.irpps.cnr.it\/en\/daniela-luzi\/\" target=\"_blank\">\n\t\t\t\t\t\t<span class=\"elementor-button-content-wrapper\">\n\t\t\t\t\t\t\t\t\t<span class=\"elementor-button-text\">Daniela Luzi - Principal Investigator<\/span>\n\t\t\t\t\t<\/span>\n\t\t\t\t\t<\/a>\n\t\t\t\t<\/div>\n\t\t\t\t\t\t\t\t<\/div>\n\t\t\t\t<\/div>\n\t\t\t\t<div class=\"elementor-element elementor-element-0034243 elementor-align-left elementor-widget elementor-widget-button\" data-id=\"0034243\" data-element_type=\"widget\" data-e-type=\"widget\" data-widget_type=\"button.default\">\n\t\t\t\t<div class=\"elementor-widget-container\">\n\t\t\t\t\t\t\t\t\t<div class=\"elementor-button-wrapper\">\n\t\t\t\t\t<a class=\"elementor-button elementor-button-link elementor-size-sm\" href=\"https:\/\/www.irpps.cnr.it\/en\/sveva-avveduto\/\" target=\"_blank\">\n\t\t\t\t\t\t<span class=\"elementor-button-content-wrapper\">\n\t\t\t\t\t\t\t\t\t<span class=\"elementor-button-text\">Sveva Avveduto<\/span>\n\t\t\t\t\t<\/span>\n\t\t\t\t\t<\/a>\n\t\t\t\t<\/div>\n\t\t\t\t\t\t\t\t<\/div>\n\t\t\t\t<\/div>\n\t\t\t\t<div class=\"elementor-element elementor-element-f7808ed elementor-align-left elementor-widget elementor-widget-button\" data-id=\"f7808ed\" data-element_type=\"widget\" data-e-type=\"widget\" data-widget_type=\"button.default\">\n\t\t\t\t<div class=\"elementor-widget-container\">\n\t\t\t\t\t\t\t\t\t<div class=\"elementor-button-wrapper\">\n\t\t\t\t\t<a class=\"elementor-button elementor-button-link elementor-size-sm\" href=\"https:\/\/www.irpps.cnr.it\/en\/lucio-pisacane\/\" target=\"_blank\">\n\t\t\t\t\t\t<span class=\"elementor-button-content-wrapper\">\n\t\t\t\t\t\t\t\t\t<span class=\"elementor-button-text\">Lucio Pisacane<\/span>\n\t\t\t\t\t<\/span>\n\t\t\t\t\t<\/a>\n\t\t\t\t<\/div>\n\t\t\t\t\t\t\t\t<\/div>\n\t\t\t\t<\/div>\n\t\t\t\t<div class=\"elementor-element elementor-element-2458b84c elementor-align-left elementor-widget elementor-widget-button\" data-id=\"2458b84c\" data-element_type=\"widget\" data-e-type=\"widget\" data-widget_type=\"button.default\">\n\t\t\t\t<div class=\"elementor-widget-container\">\n\t\t\t\t\t\t\t\t\t<div class=\"elementor-button-wrapper\">\n\t\t\t\t\t<a class=\"elementor-button elementor-button-link elementor-size-sm\" href=\"https:\/\/www.irpps.cnr.it\/en\/cose-knowledge-society\/\" target=\"_blank\">\n\t\t\t\t\t\t<span class=\"elementor-button-content-wrapper\">\n\t\t\t\t\t\t\t\t\t<span class=\"elementor-button-text\"><b>Other COSE projects<\/span>\n\t\t\t\t\t<\/span>\n\t\t\t\t\t<\/a>\n\t\t\t\t<\/div>\n\t\t\t\t\t\t\t\t<\/div>\n\t\t\t\t<\/div>\n\t\t\t\t\t<\/div>\n\t\t<\/div>\n\t\t\t\t\t<\/div>\n\t\t<\/section>\n\t\t\t\t<\/div>\n\t\t","protected":false},"excerpt":{"rendered":"<p>OpenUP \u2013 OPENing UP new methods, indicators and tools for peer review, impact measurement and dissemination of research results OpenUP (OPENing UP new methods, indicators and tools for peer review, dissemination of research results, and impact measurement) is a European project funded by the Horizon2020 program, which aims to analyze the transformations in the current [&hellip;]<\/p>\n","protected":false},"author":3,"featured_media":0,"parent":0,"menu_order":0,"comment_status":"closed","ping_status":"closed","template":"","meta":{"footnotes":""},"categories":[],"tags":[],"class_list":["post-32973","page","type-page","status-publish","hentry"],"_links":{"self":[{"href":"https:\/\/www.irpps.cnr.it\/en\/wp-json\/wp\/v2\/pages\/32973","targetHints":{"allow":["GET"]}}],"collection":[{"href":"https:\/\/www.irpps.cnr.it\/en\/wp-json\/wp\/v2\/pages"}],"about":[{"href":"https:\/\/www.irpps.cnr.it\/en\/wp-json\/wp\/v2\/types\/page"}],"author":[{"embeddable":true,"href":"https:\/\/www.irpps.cnr.it\/en\/wp-json\/wp\/v2\/users\/3"}],"replies":[{"embeddable":true,"href":"https:\/\/www.irpps.cnr.it\/en\/wp-json\/wp\/v2\/comments?post=32973"}],"version-history":[{"count":1,"href":"https:\/\/www.irpps.cnr.it\/en\/wp-json\/wp\/v2\/pages\/32973\/revisions"}],"predecessor-version":[{"id":32977,"href":"https:\/\/www.irpps.cnr.it\/en\/wp-json\/wp\/v2\/pages\/32973\/revisions\/32977"}],"wp:attachment":[{"href":"https:\/\/www.irpps.cnr.it\/en\/wp-json\/wp\/v2\/media?parent=32973"}],"wp:term":[{"taxonomy":"category","embeddable":true,"href":"https:\/\/www.irpps.cnr.it\/en\/wp-json\/wp\/v2\/categories?post=32973"},{"taxonomy":"post_tag","embeddable":true,"href":"https:\/\/www.irpps.cnr.it\/en\/wp-json\/wp\/v2\/tags?post=32973"}],"curies":[{"name":"wp","href":"https:\/\/api.w.org\/{rel}","templated":true}]}}